{"id":1814,"date":"2021-06-16T13:29:57","date_gmt":"2021-06-16T13:29:57","guid":{"rendered":"http:\/\/18.197.254.248\/?page_id=1814"},"modified":"2022-10-20T08:49:03","modified_gmt":"2022-10-20T08:49:03","slug":"hygienekonzept","status":"publish","type":"page","link":"https:\/\/www.casa-colonia.de\/de\/hygienekonzept\/","title":{"rendered":"Hygienekonzept"},"content":{"rendered":"<div class=\"wpb-content-wrapper\"><p>[vc_row][vc_column width=&#8220;1\/2&#8243;][vc_column_text css=&#8220;.vc_custom_1623852942355{padding-bottom: 15px !important;}&#8220;]<span class=\"TextRun SCXW76339184 BCX0\" lang=\"DE-DE\" xml:lang=\"DE-DE\" data-contrast=\"auto\"><span class=\"NormalTextRun SCXW76339184 BCX0\">Zu Ihrer Sicherheit haben wir uns ein Konzept ausgedacht, dass Ihnen trotz der Corona Pandemie einen entspannten Aufenthalt in unserem Haus erm\u00f6glichen soll.\u00a0 Grundlage hierf\u00fcr bildet die\u00a0<\/span><\/span><span class=\"TextRun SCXW76339184 BCX0\" lang=\"DE-DE\" xml:lang=\"DE-DE\" data-contrast=\"auto\"><span class=\"SpellingError SCXW76339184 BCX0\">CornoaSchVO<\/span><\/span><span class=\"TextRun SCXW76339184 BCX0\" lang=\"DE-DE\" xml:lang=\"DE-DE\" data-contrast=\"auto\"><span class=\"NormalTextRun SCXW76339184 BCX0\">\u00a0des Landes NRW.<\/span><\/span><span class=\"EOP SCXW76339184 BCX0\" data-ccp-props=\"{}\">\u00a0<\/span><\/p>\n<p>&nbsp;<\/p>\n<p>&nbsp;<\/p>\n<div id=\"pgc-1427-1-0\" class=\"panel-grid-cell\">\n<div id=\"panel-1427-1-0-0\" class=\"so-panel widget widget_text panel-first-child panel-last-child\" data-index=\"1\">\n<h3 class=\"widget-title\">IM \u00d6FFENTLICHEN RAUM<\/h3>\n<div class=\"textwidget\">\n<ol>\n<li style=\"text-align: left;\">Alle \u00f6ffentlichen Kontaktfl\u00e4chen werden engmaschig mind. 2 mal t\u00e4glich desinfiziert und gereinigt<\/li>\n<li style=\"text-align: left;\">Im Eingangsbereich, Cafe und in den Fluren stehen Ihnen Spender mit Desinfektionsmittel zur Verf\u00fcgung<\/li>\n<li style=\"text-align: left;\">Durch Markierungen in unserem Entre-und Rezeptionsbereich helfen wir Ihnen die obligatorischen 1,5m Abstand einzuhalten.<\/li>\n<li style=\"text-align: left;\">\u00a0Nehmen Sie den Aufzug um auf die Etagen zu gelangen und das Treppenhaus um wieder hinunter zu kommen. So werden unn\u00f6tige Kontakte im Treppenhaus vermieden.<\/li>\n<li style=\"text-align: left;\">Die Rezeption ist durch eine Plexiglasscheibe separiert.<\/li>\n<li style=\"text-align: left;\">\u00a0Alle Mitarbeiter tragen zu jeder Zeit zertifizierte FFP2 Masken und sind mit den allg. Regeln des Infektionsschutzes vertraut.<\/li>\n<li style=\"text-align: left;\">\u00a0Alle \u00f6ffentlichen R\u00e4ume werden zu jeder Zeit ausreichend bel\u00fcftet<\/li>\n<li style=\"text-align: left;\">Der Aufzug darf nur mit max. 1 Person betreten werden, es sein denn die Personen stammen aus einem Haushalt<\/li>\n<li style=\"text-align: left;\">Die allgemein zug\u00e4nglichen Sanit\u00e4rr\u00e4ume werden 2 mal t\u00e4glich gereinigt und desinfiziert<\/li>\n<li style=\"text-align: left;\">In den \u00f6ffentlichen R\u00e4umen und Verkehrswegen stehen zertifizierte Luftreiniger, die die Virenlast nachweislich senken<\/li>\n<\/ol>\n<\/div>\n<\/div>\n<\/div>\n<p>[\/vc_column_text][vc_column_text]<\/p>\n<h3 class=\"widget-title\">CHECK-IN, FR\u00dcHST\u00dcCK UND ZIMMER<\/h3>\n<div class=\"textwidget\">\n<ol>\n<li><span data-contrast=\"auto\">Ein kontaktloser Check-In und Check-Out, ebenso wie die M\u00f6glichkeit einer Kontaktlosen Zahlung stehen Ihnen nat\u00fcrlich zur Verf\u00fcgung.\u00a0\u00a0<\/span><\/li>\n<li data-leveltext=\"%1.\" data-font=\"&quot;Times New Roman&quot;, &quot;Times New Roman_MSFontService&quot;, serif\" data-listid=\"3\" aria-setsize=\"-1\" data-aria-posinset=\"12\" data-aria-level=\"1\"><span data-contrast=\"auto\">Ihr Fr\u00fchst\u00fcck servieren wir Ihnen auf Wunsch aufs Zimmer. Alternativ k\u00f6nnen Sie es auch im\u00a0<\/span><span data-contrast=\"auto\">Cafe<\/span><span data-contrast=\"auto\">\u00a0abholen.\u00a0<\/span><\/li>\n<li data-leveltext=\"%1.\" data-font=\"&quot;Times New Roman&quot;, &quot;Times New Roman_MSFontService&quot;, serif\" data-listid=\"3\" aria-setsize=\"-1\" data-aria-posinset=\"13\" data-aria-level=\"1\"><span data-contrast=\"auto\">Gebrauchte Textilien werden nach jedem Gastwechsel bei mindestens 60 Grad Celsius gereinigt.\u00a0<\/span><\/li>\n<li data-leveltext=\"%1.\" data-font=\"&quot;Times New Roman&quot;, &quot;Times New Roman_MSFontService&quot;, serif\" data-listid=\"3\" aria-setsize=\"-1\" data-aria-posinset=\"13\" data-aria-level=\"1\"><span data-contrast=\"auto\">Desinfektionsmittel steht Ihnen auf dem Zimmer zur Verf\u00fcgung.<\/span><\/li>\n<\/ol>\n<\/div>\n<p>&nbsp;<\/p>\n<p>&nbsp;<\/p>\n<hr \/>\n<h3><\/h3>\n<h3 class=\"widget-title\">ALLE GEMEINSAM!<\/h3>\n<p>&nbsp;<\/p>\n<div class=\"textwidget\">\n<p><span data-contrast=\"auto\">Um alle Hygienema\u00dfnahmen anst\u00e4ndig umsetzen zu k\u00f6nnen, sind wir nat\u00fcrlich auch auf Ihre Hilfe angewiesen. Wir bitten Sie darum in unseren \u00f6ffentlichen R\u00e4umen eine Mund-Nasenbedeckung zu tragen und zu anderen G\u00e4sten einen Mindestabstand von mind. 1,50 m zu halten. Weiterhin bitten wir um regelm\u00e4\u00dfige H\u00e4ndedesinfektion, insbesondere beim Betreten des Hotels und des Fr\u00fchst\u00fccksraumes. <\/span><span data-ccp-props=\"{&quot;134233117&quot;:true,&quot;134233118&quot;:true}\">\u00a0<\/span><\/p>\n<\/div>\n<p>[\/vc_column_text][\/vc_column][vc_column width=&#8220;1\/2&#8243;]\n    <div style=\"text-align:left\" class=\"nd_options_section\">\n      <img decoding=\"async\" alt=\"\" style=\"width:400px\" class=\" nd_options_margin_0 nd_options_padding_0 \" src=\"https:\/\/www.casa-colonia.de\/wp-content\/uploads\/2021\/06\/DSC_4873-675x1024.jpg\">\n    <\/div>\n   [\/vc_column][\/vc_row]<\/p>\n<\/div>","protected":false},"excerpt":{"rendered":"<p>[vc_row][vc_column width=&#8220;1\/2&#8243;][vc_column_text css=&#8220;.vc_custom_1623852942355{padding-bottom: 15px !important;}&#8220;]Zu Ihrer Sicherheit haben wir uns ein Konzept ausgedacht, dass Ihnen trotz der Corona Pandemie einen entspannten Aufenthalt in unserem Haus erm\u00f6glichen soll.\u00a0 Grundlage hierf\u00fcr bildet die\u00a0CornoaSchVO\u00a0des Landes NRW.\u00a0 &nbsp; &nbsp; IM \u00d6FFENTLICHEN RAUM Alle \u00f6ffentlichen Kontaktfl\u00e4chen werden engmaschig mind. 2 mal t\u00e4glich desinfiziert und gereinigt Im Eingangsbereich, Cafe und in [&hellip;]<\/p>\n","protected":false},"author":2,"featured_media":2337,"parent":0,"menu_order":0,"comment_status":"closed","ping_status":"closed","template":"","meta":{"footnotes":""},"class_list":["post-1814","page","type-page","status-publish","has-post-thumbnail","hentry"],"aioseo_notices":[],"amp_enabled":true,"_links":{"self":[{"href":"https:\/\/www.casa-colonia.de\/de\/wp-json\/wp\/v2\/pages\/1814","targetHints":{"allow":["GET"]}}],"collection":[{"href":"https:\/\/www.casa-colonia.de\/de\/wp-json\/wp\/v2\/pages"}],"about":[{"href":"https:\/\/www.casa-colonia.de\/de\/wp-json\/wp\/v2\/types\/page"}],"author":[{"embeddable":true,"href":"https:\/\/www.casa-colonia.de\/de\/wp-json\/wp\/v2\/users\/2"}],"replies":[{"embeddable":true,"href":"https:\/\/www.casa-colonia.de\/de\/wp-json\/wp\/v2\/comments?post=1814"}],"version-history":[{"count":24,"href":"https:\/\/www.casa-colonia.de\/de\/wp-json\/wp\/v2\/pages\/1814\/revisions"}],"predecessor-version":[{"id":4602,"href":"https:\/\/www.casa-colonia.de\/de\/wp-json\/wp\/v2\/pages\/1814\/revisions\/4602"}],"wp:featuredmedia":[{"embeddable":true,"href":"https:\/\/www.casa-colonia.de\/de\/wp-json\/wp\/v2\/media\/2337"}],"wp:attachment":[{"href":"https:\/\/www.casa-colonia.de\/de\/wp-json\/wp\/v2\/media?parent=1814"}],"curies":[{"name":"wp","href":"https:\/\/api.w.org\/{rel}","templated":true}]}}