{"id":5845,"date":"2022-11-02T07:58:56","date_gmt":"2022-11-02T07:58:56","guid":{"rendered":"https:\/\/casa-colonia.de\/?page_id=5845"},"modified":"2025-11-04T08:54:08","modified_gmt":"2025-11-04T08:54:08","slug":"anfahrt","status":"publish","type":"page","link":"https:\/\/www.casa-colonia.de\/de\/anfahrt\/","title":{"rendered":"Anfahrt &#038; Parken"},"content":{"rendered":"<div class=\"wpb-content-wrapper\"><p>[vc_row css=&#8220;.vc_custom_1667387393509{margin-bottom: 50px !important;}&#8220;][vc_column width=&#8220;1\/2&#8243;][vc_column_text]<\/p>\n<h2 style=\"font-family: 'Montserrat'; font-weight: 500; line-height: 42px;\">Bahnhof<\/h2>\n<ul style=\"list-style: none; padding-left: 0; color: #313131; font-size: 14px; line-height: 24px; font-family: 'Montserrat';\">\n<li style=\"margin-bottom: 20px;\">Sie verlassen den Hauptbahnhof in Richtung Bahnhofsvorplatz\/Breslauerplatz. Nutzen Sie hierzu am besten den Ausgang zwischen der Apotheke und der McDonald&#8217;s Filiale.<\/li>\n<li style=\"margin-bottom: 20px;\">Dort gehen Sie weiter geradeaus und am Kreisverkehr weiter geradeaus in die Johannisstra\u00dfe.<\/li>\n<li style=\"margin-bottom: 20px;\">Dieser folgen Sie bis am Ende die Machab\u00e4erstra\u00dfe kreuzt. Direkt an der Kreuzung Machab\u00e4erstra\u00dfe\/Johannisstra\u00dfe befindet sich das Hotel.<\/li>\n<\/ul>\n<p>[\/vc_column_text][\/vc_column][vc_column width=&#8220;1\/2&#8243;][vc_gmaps link=&#8220;#E-8_JTNDaWZyYW1lJTIwc3JjJTNEJTIyaHR0cHMlM0ElMkYlMkZ3d3cuZ29vZ2xlLmNvbSUyRm1hcHMlMkZlbWJlZCUzRnBiJTNEJTIxMW0xOCUyMTFtMTIlMjExbTMlMjExZDI1MTMuNzkyOTM3NDQ1MTEzMiUyMTJkNi45NTk0MDIyMTU5Mzk1NDYlMjEzZDUwLjk0NjA0MjI3OTU0Njg1JTIxMm0zJTIxMWYwJTIxMmYwJTIxM2YwJTIxM20yJTIxMWkxMDI0JTIxMmk3NjglMjE0ZjEzLjElMjEzbTMlMjExbTIlMjExczB4NDdiZjI1YmI3ZDdkZmM0OSUyNTNBMHg1YjAzNGFhNTczOTZmMDQ4JTIxMnNIb3RlbCUyNTIwQ2FzYSUyNTIwQ29sb25pYSUyMTVlMCUyMTNtMiUyMTFzZGUlMjEyc2x2JTIxNHYxNjI0MjYzNzQ0NjI2JTIxNW0yJTIxMXNkZSUyMTJzbHYlMjIlMjB3aWR0aCUzRCUyMjYwMCUyMiUyMGhlaWdodCUzRCUyMjQ1MCUyMiUyMHN0eWxlJTNEJTIyYm9yZGVyJTNBMCUzQiUyMiUyMGFsbG93ZnVsbHNjcmVlbiUzRCUyMiUyMiUyMGxvYWRpbmclM0QlMjJsYXp5JTIyJTNFJTNDJTJGaWZyYW1lJTNF&#8220;][\/vc_column][\/vc_row][vc_row][vc_column width=&#8220;1\/2&#8243;][vc_column_text]<\/p>\n<h2 style=\"font-family: 'Montserrat'; font-weight: 500; line-height: 42px;\">\u00dcber die A3<\/h2>\n<ul style=\"list-style: none; padding-left: 0; color: #313131; font-size: 14px; line-height: 24px; font-family: 'Montserrat';\">\n<li style=\"margin-bottom: 20px;\">Verlassen Sie die A3 am Autobahnkreuz K\u00f6ln Ost in Richtung Zentrum und fahren Sie auf die B55a.<\/li>\n<li style=\"margin-bottom: 20px;\">Bleiben Sie auf der B55a bis Sie die Zoobr\u00fccke \u00fcberquert haben. Am Ende der Br\u00fccke verlassen Sie die B55a in Richtung Zentrum und fahren auf das Niederl\u00e4nder Ufer (B51).<\/li>\n<li style=\"margin-bottom: 20px;\">Folgen Sie dem Stra\u00dfenverlauf entlang des Rheins f\u00fcr ca. 1,8 km und biegen Sie rechts in die Goldgasse.<\/li>\n<li style=\"margin-bottom: 20px;\">Fahren Sie bis zum Kreisverkehr. Verlassen die den Kreisverkehr an der 1. Ausfahrt in die Johannisstra\u00dfe.<\/li>\n<li style=\"margin-bottom: 20px;\">Fahren Sie geradeaus, vorbei am Marriott Hotel. Am Ende der Johannisstra\u00dfe sto\u00dfen Sie direkt auf die Machab\u00e4erstra\u00dfe und das Casa Colonia.<\/li>\n<\/ul>\n<p>[\/vc_column_text][\/vc_column][vc_column width=&#8220;1\/2&#8243;][vc_column_text]<\/p>\n<h2 style=\"font-family: 'Montserrat'; font-weight: 500; line-height: 42px;\">\u00dcber die A57<\/h2>\n<ul style=\"list-style: none; padding-left: 0; color: #313131; font-size: 14px; line-height: 24px; font-family: 'Montserrat';\">\n<li style=\"margin-bottom: 20px;\">Verlassen Sie die A57 an der AS (30) Ehrenfeld in Richtung Zentrum.<\/li>\n<li style=\"margin-bottom: 20px;\">Folgen Sie der Inneren Kanalstra\u00dfe f\u00fcr 200m- machen Sie dann am Telekomturm einen U-Turn.<br \/>\nFahren Sie rechts in die Subbelratherstra\u00dfe Richtung Zentrum.<\/li>\n<li style=\"margin-bottom: 20px;\">Passieren Sie die Bahnunterf\u00fchrung und folgen Sie dem Stra\u00dfenverlauf entlag des Mediaparks (links) f\u00fcr ca. 1,5 km.<\/li>\n<li style=\"margin-bottom: 20px;\">Unterqueren Sie eine weitere Bahn\u00fcberf\u00fchrung und fahren Sie DANACH sofort rechts in die Machab\u00e4erstra\u00dfe.<\/li>\n<li style=\"margin-bottom: 20px;\">Nach ca. 200m (Machab\u00e4erstra\u00dfe Ecke Johannisstra\u00dfe haben Sie das Casa Colonia erreicht.<\/li>\n<\/ul>\n<p>[\/vc_column_text][\/vc_column][\/vc_row][vc_section css=&#8220;.vc_custom_1667567576188{padding-top: 5% !important;padding-right: 5% !important;padding-bottom: 5% !important;padding-left: 5% !important;background-image: url(https:\/\/casa-colonia.de\/wp-content\/uploads\/2022\/11\/handmadepaper.webp?id=5873) !important;}&#8220;][vc_row css=&#8220;.vc_custom_1667567547674{border-top-width: 8px !important;border-right-width: 8px !important;border-bottom-width: 8px !important;border-left-width: 8px !important;padding-top: 2% !important;padding-right: 5% !important;padding-bottom: 2% !important;padding-left: 5% !important;border-left-color: #701414 !important;border-left-style: double !important;border-right-color: #701414 !important;border-right-style: double !important;border-top-color: #701414 !important;border-top-style: double !important;border-bottom-color: #701414 !important;border-bottom-style: double !important;}&#8220;][vc_column][vc_text_separator title=&#8220;Parken&#8220; color=&#8220;custom&#8220; accent_color=&#8220;#701414&#8243; el_class=&#8220;text-mit-trennlinie&#8220; css=&#8220;.vc_custom_1667567610917{margin-top: 0px !important;}&#8220;][vc_column_text]<\/p>\n<p style=\"font-size: 15px; color: #701414;\">Wir besitzen leider keinen Hauseigenen Stellplatz, deshalb m\u00f6chten wir Ihnen hier zwei Parkm\u00f6glichkeiten in der N\u00e4he des Hotels nennen:<\/p>\n<table style=\"width: 75%; margin-left: auto; margin-right: auto; color: #701414; font-size: 15px;\">\n<tbody>\n<tr>\n<td style=\"padding: 30px;\"><strong>Parken am Rheinufer:<\/strong>5\u20ac pro Tag nicht \u00fcberwacht ca. 500 Meter vom Hotel entfernt<\/td>\n<td style=\"padding: 30px;\"><strong>Parkhaus Rhein Triadem:<\/strong>23\u20ac pro 24 Stunden \u00fcberwacht ca. 200 Meter vom Hotel entfernt<\/td>\n<\/tr>\n<\/tbody>\n<\/table>\n<p style=\"font-size: 15px; color: #701414;\">Gerne K\u00f6nnen Sie aber auch Ihr Auto erst einmal vor dem Hotel abstellen und wir erkl\u00e4ren Ihnen, wie Sie zu den Parkpl\u00e4tzen gelangen!<\/p>\n<p>[\/vc_column_text][\/vc_column][\/vc_row][\/vc_section][vc_row css=&#8220;.vc_custom_1666960796095{padding-top: 5% !important;padding-right: 10% !important;padding-left: 10% !important;}&#8220;][vc_column][vc_column_text]<\/p>\n<p style=\"text-align: center;\">Sollten Sie unterwegs Problem haben, k\u00f6nnen Sie sich selbstverst\u00e4ndlich jeder Zeit bei uns nach dem Weg erkundigen. Ein Anruf gen\u00fcgt: <a href=\"tel:+49221160600\"><strong>0221 160600<\/strong><\/a><\/p>\n<p>[\/vc_column_text][\/vc_column][\/vc_row][vc_row][vc_column][vc_custom_heading text=&#8220;Wir w\u00fcnschen Ihnen eine gute Anreise!&#8220; font_container=&#8220;tag:h2|font_size:26px|text_align:center|color:%230a0a0a&#8220; google_fonts=&#8220;font_family:Lora%3Aregular%2Citalic%2C700%2C700italic|font_style:400%20regular%3A400%3Anormal&#8220; css=&#8220;.vc_custom_1667376885771{padding-top: 50px !important;}&#8220;][\/vc_column][\/vc_row]<\/p>\n<\/div>","protected":false},"excerpt":{"rendered":"<p>[vc_row css=&#8220;.vc_custom_1667387393509{margin-bottom: 50px !important;}&#8220;][vc_column width=&#8220;1\/2&#8243;][vc_column_text] Bahnhof Sie verlassen den Hauptbahnhof in Richtung Bahnhofsvorplatz\/Breslauerplatz. Nutzen Sie hierzu am besten den Ausgang zwischen der Apotheke und der McDonald&#8217;s Filiale. Dort gehen Sie weiter geradeaus und am Kreisverkehr weiter geradeaus in die Johannisstra\u00dfe. Dieser folgen Sie bis am Ende die Machab\u00e4erstra\u00dfe kreuzt. Direkt an der Kreuzung Machab\u00e4erstra\u00dfe\/Johannisstra\u00dfe befindet [&hellip;]<\/p>\n","protected":false},"author":5,"featured_media":248,"parent":0,"menu_order":0,"comment_status":"closed","ping_status":"closed","template":"","meta":{"footnotes":""},"class_list":["post-5845","page","type-page","status-publish","has-post-thumbnail","hentry"],"aioseo_notices":[],"amp_enabled":true,"_links":{"self":[{"href":"https:\/\/www.casa-colonia.de\/de\/wp-json\/wp\/v2\/pages\/5845","targetHints":{"allow":["GET"]}}],"collection":[{"href":"https:\/\/www.casa-colonia.de\/de\/wp-json\/wp\/v2\/pages"}],"about":[{"href":"https:\/\/www.casa-colonia.de\/de\/wp-json\/wp\/v2\/types\/page"}],"author":[{"embeddable":true,"href":"https:\/\/www.casa-colonia.de\/de\/wp-json\/wp\/v2\/users\/5"}],"replies":[{"embeddable":true,"href":"https:\/\/www.casa-colonia.de\/de\/wp-json\/wp\/v2\/comments?post=5845"}],"version-history":[{"count":15,"href":"https:\/\/www.casa-colonia.de\/de\/wp-json\/wp\/v2\/pages\/5845\/revisions"}],"predecessor-version":[{"id":21437,"href":"https:\/\/www.casa-colonia.de\/de\/wp-json\/wp\/v2\/pages\/5845\/revisions\/21437"}],"wp:featuredmedia":[{"embeddable":true,"href":"https:\/\/www.casa-colonia.de\/de\/wp-json\/wp\/v2\/media\/248"}],"wp:attachment":[{"href":"https:\/\/www.casa-colonia.de\/de\/wp-json\/wp\/v2\/media?parent=5845"}],"curies":[{"name":"wp","href":"https:\/\/api.w.org\/{rel}","templated":true}]}}