{"id":5846,"date":"2022-11-02T09:00:14","date_gmt":"2022-11-02T09:00:14","guid":{"rendered":"https:\/\/casa-colonia.de\/?page_id=5846"},"modified":"2025-12-22T07:52:14","modified_gmt":"2025-12-22T07:52:14","slug":"zeiten-services","status":"publish","type":"page","link":"https:\/\/www.casa-colonia.de\/de\/zeiten-services\/","title":{"rendered":"Zeiten &#038; Services"},"content":{"rendered":"<div class=\"wpb-content-wrapper\"><p>[vc_section content_placement=&#8220;middle&#8220; css=&#8220;.vc_custom_1667400781206{background-image: url(https:\/\/casa-colonia.de\/wp-content\/uploads\/2022\/11\/handmadepaper.webp?id=5873) !important;background-position: 0 0 !important;background-repeat: repeat !important;}&#8220; el_class=&#8220;double-border-row-section&#8220;][vc_row css=&#8220;.vc_custom_1667484995302{margin-top: 5% !important;margin-right: 5% !important;margin-bottom: 5% !important;margin-left: 5% !important;border-top-width: 8px !important;border-right-width: 8px !important;border-bottom-width: 8px !important;border-left-width: 8px !important;padding-top: 0px !important;padding-right: 5% !important;padding-bottom: 50px !important;padding-left: 5% !important;background-position: 0 0 !important;background-repeat: repeat !important;border-left-color: #701414 !important;border-left-style: double !important;border-right-color: #701414 !important;border-right-style: double !important;border-top-color: #701414 !important;border-top-style: double !important;border-bottom-color: #701414 !important;border-bottom-style: double !important;}&#8220;][vc_column][vc_column_text el_class=&#8220;double-border-row-heading&#8220;]<\/p>\n<h2 style=\"text-align: center;\">\u00d6ffnungszeiten<\/h2>\n<p>[\/vc_column_text][vc_text_separator title=&#8220;Rezeption&#8220; color=&#8220;custom&#8220; border_width=&#8220;2&#8243; accent_color=&#8220;#701414&#8243; el_class=&#8220;text-mit-trennlinie&#8220;][vc_column_text]<\/p>\n<p style=\"color: #701414; font-size: 15px;\">Die Rezeptions ist t\u00e4glich von <strong>08:00 \u2013 15:00<\/strong> besetzt und steht Ihnen f\u00fcr den Check-In, Check-Out und f\u00fcr Hilfe zur verf\u00fcgung. Unsere Rezeption hilft Ihnen gerne auf den Sprachen <strong>Deutsch und Englisch<\/strong> weiter. Unser Hotel verf\u00fcgt \u00fcber einen <strong>Personen Aufzug<\/strong>, mit dem Sie ganz bequem Ihr Zimmer erreichen k\u00f6nnen.<\/p>\n<p>[\/vc_column_text][vc_text_separator title=&#8220;Check In&#8220; color=&#8220;custom&#8220; border_width=&#8220;2&#8243; accent_color=&#8220;#701414&#8243; el_class=&#8220;text-mit-trennlinie&#8220;][vc_column_text]<\/p>\n<p class=\"p1\" style=\"color: #701414; font-size: 15px;\">Ihr Zimmer steht Ihnen <strong>ab 15:00 Uhr<\/strong> zur Verf\u00fcgung. Unser Check-In erfolgt vorab <strong>ausschlie\u00dflich digital<\/strong>, ganz flexibel und unabh\u00e4ngig von Rezeptionszeiten. Bei Ihrer Ankunft vor 15:00 Uhr hei\u00dfen wir Sie pers\u00f6nlich willkommen und stehen Ihnen gerne f\u00fcr Fragen und Tipps zur Verf\u00fcgung. Der Zugang zum Hotel und zu Ihrem Zimmer erfolgt komfortabel \u00fcber ihr Smartphone oder Tablet.<\/p>\n<p>[\/vc_column_text][vc_text_separator title=&#8220;Check Out&#8220; color=&#8220;custom&#8220; border_width=&#8220;2&#8243; accent_color=&#8220;#701414&#8243; el_class=&#8220;text-mit-trennlinie&#8220;][vc_column_text]<\/p>\n<p style=\"color: #701414; font-size: 15px; text-align: left;\">Sie k\u00f6nnen Ihren Check-Out und das Begleichen Ihrer Rechnung <strong>digital<\/strong> und ganz bequem aus Ihrem Zimmer erledigen wie gewohnt bei uns an der Rezeption <strong>pers\u00f6nlich<\/strong>. Wir freuen uns Ihnen dabei behilflich zu sein und noch ein paar nette Worte zu wechseln. <strong>Ihr Gep\u00e4ck<\/strong> k\u00f6nnen Sie gern nach Ihrem Check-Out bei uns deponieren. Wir bitten jedoch um Verst\u00e4ndnis daf\u00fcr, dass wir nach Ihrem Check-Out keine Haftung f\u00fcr Ihr Gep\u00e4ck \u00fcbernehmen k\u00f6nnen und bitte Sie freundlich darum, Wertgegenst\u00e4nde nicht zu deponieren.<\/p>\n<p>&nbsp;<\/p>\n<p style=\"color: #701414; font-size: 15px; text-align: center;\"><strong>Bis 11:00<\/strong> &#8211; kostenlos<br \/>\n<strong>Bis 15:00<\/strong> &#8211; 50% des Preises<br \/>\n<strong>Nach 15:00<\/strong> &#8211; 100% des Preises[\/vc_column_text][vc_text_separator title=&#8220;Fr\u00fchst\u00fcck&#8220; color=&#8220;custom&#8220; border_width=&#8220;2&#8243; accent_color=&#8220;#701414&#8243; el_class=&#8220;text-mit-trennlinie&#8220;][vc_column_text]<\/p>\n<p style=\"color: #701414; font-size: 15px;\">Gest\u00e4rkt in den Tag mit unserem umf\u00e4nglichem Fr\u00fchst\u00fccksb\u00fcffet. Ab 7.00 Uhr k\u00f6nnen Sie die K\u00f6stlichkeiten in unserem Caf\u00e9 genie\u00dfen.<\/p>\n<p style=\"color: #701414; font-size: 15px; text-align: center;\"><strong>Mo. \u2013 Fr.:<\/strong> 07:00 \u2013 10:00<\/p>\n<p style=\"color: #701414; font-size: 15px; text-align: center;\"><strong>Sa. \u2013 So.:<\/strong>\u00a008:00 \u2013 11:00<\/p>\n<p style=\"color: #701414; font-size: 15px; padding-top: 10px; text-align: center;\"><strong>Messe-Fr\u00fchst\u00fcck:<\/strong> 07:00 \u2013 11:00<\/p>\n<p>&nbsp;<\/p>\n<p style=\"color: #701414; font-size: 15px; padding-top: 10px; text-align: center;\"><strong>Fr\u00fchst\u00fcck \u201eTo-Go\u201c(Doggy Bag):<\/strong><br \/>\nWenn Sie uns vor 7:00 verlassen, k\u00f6nnen Sie ein Fr\u00fchst\u00fcck \u201eTo-Go\u201c bestellen.[\/vc_column_text][\/vc_column][\/vc_row][\/vc_section][vc_row equal_height=&#8220;yes&#8220; css=&#8220;.vc_custom_1667483227040{margin-top: 7% !important;margin-bottom: 7% !important;}&#8220;][vc_column width=&#8220;1\/3&#8243; css=&#8220;.vc_custom_1667483718750{margin-right: 10px !important;margin-left: 10px !important;}&#8220;][vc_text_separator title=&#8220;Rauchverbot&#8220; color=&#8220;custom&#8220; border_width=&#8220;2&#8243; el_class=&#8220;text-mit-trennlinie&#8220; accent_color=&#8220;#701414&#8243;][vc_column_text]<\/p>\n<p style=\"font-size: 15px; color: #701414;\">Im gesamten Hotel-Bereich ist das Rauchen nicht gestattet. Wir behalten uns vor, bei Missachtung eine Strafe von \u20ac 150,00 zu erheben.<\/p>\n<p>[\/vc_column_text][vc_single_image image=&#8220;5900&#8243; img_size=&#8220;100&#215;100&#8243; alignment=&#8220;center&#8220;][\/vc_column][vc_column width=&#8220;1\/3&#8243; css=&#8220;.vc_custom_1667483733523{margin-right: 10px !important;margin-left: 10px !important;}&#8220;][vc_text_separator title=&#8220;Service&#8220; color=&#8220;custom&#8220; border_width=&#8220;2&#8243; el_class=&#8220;text-mit-trennlinie&#8220; accent_color=&#8220;#701414&#8243;][vc_column_text]<\/p>\n<p style=\"color: #701414; padding-bottom: 10px; font-size: 15px;\">Miet-Service \u2013 Reservierung ist im Voraus erforderlich.<\/p>\n<ul style=\"margin: 0; padding: 0; padding-left: 15px; color: #701414; font-size: 15px;\">\n<li style=\"margin-bottom: 2px;\">B\u00fcgelbrett<\/li>\n<li>B\u00fcgeleisen<\/li>\n<li style=\"margin-bottom: 2px;\">Kinderbett<\/li>\n<\/ul>\n<p>[\/vc_column_text][\/vc_column][vc_column width=&#8220;1\/3&#8243; css=&#8220;.vc_custom_1667483744336{margin-right: 10px !important;margin-left: 10px !important;}&#8220;][vc_text_separator title=&#8220;Sicherheit&#8220; color=&#8220;custom&#8220; border_width=&#8220;2&#8243; el_class=&#8220;text-mit-trennlinie&#8220; accent_color=&#8220;#701414&#8243;][vc_column_text]<\/p>\n<ul>\n<li style=\"font-size: 15px; color: #701414; margin-bottom: 10px;\">Hoteltresor<\/li>\n<li style=\"font-size: 15px; color: #701414; margin-bottom: 10px;\">Brandmeldeanlage und 24h \u00dcberwachung durch die Firma W.I.S<\/li>\n<li style=\"font-size: 15px; color: #701414; margin-bottom: 10px;\">24h Aufzugsnotdienst durch die Firma Liftechnik GmbH<\/li>\n<\/ul>\n<p>[\/vc_column_text][\/vc_column][\/vc_row][vc_row css=&#8220;.vc_custom_1667485075104{margin-top: 7% !important;margin-right: 2% !important;margin-bottom: 7% !important;margin-left: 2% !important;border-top-width: 8px !important;border-right-width: 8px !important;border-bottom-width: 8px !important;border-left-width: 8px !important;padding-top: 10px !important;padding-right: 2% !important;padding-bottom: 10px !important;padding-left: 2% !important;border-left-color: #701414 !important;border-left-style: double !important;border-right-color: #701414 !important;border-right-style: double !important;border-top-color: #701414 !important;border-top-style: double !important;border-bottom-color: #701414 !important;border-bottom-style: double !important;border-radius: 30px !important;}&#8220;][vc_column css=&#8220;.vc_custom_1666609180463{padding-right: 5% !important;padding-left: 5% !important;}&#8220;][vc_custom_heading text=&#8220;Zahlung&#8220; font_container=&#8220;tag:h2|font_size:36px|text_align:center|color:%23701414|line_height:42px&#8220; google_fonts=&#8220;font_family:Montserrat%3Aregular%2C700|font_style:400%20regular%3A400%3Anormal&#8220; css=&#8220;.vc_custom_1667483822283{margin-bottom: 15px !important;}&#8220;][vc_row_inner content_placement=&#8220;top&#8220; el_class=&#8220;zahlungsarten-section&#8220;][vc_column_inner width=&#8220;1\/6&#8243;][vc_single_image image=&#8220;245&#8243; img_size=&#8220;128&#215;91&#8243; alignment=&#8220;center&#8220;][\/vc_column_inner][vc_column_inner width=&#8220;1\/6&#8243;][vc_single_image image=&#8220;251&#8243; img_size=&#8220;128&#215;91&#8243; alignment=&#8220;center&#8220;][\/vc_column_inner][vc_column_inner width=&#8220;1\/6&#8243;][vc_single_image image=&#8220;241&#8243; img_size=&#8220;128&#215;91&#8243; alignment=&#8220;center&#8220;][\/vc_column_inner][vc_column_inner width=&#8220;1\/6&#8243;][vc_single_image image=&#8220;1847&#8243; img_size=&#8220;128&#215;91&#8243; alignment=&#8220;center&#8220;][\/vc_column_inner][vc_column_inner width=&#8220;1\/6&#8243;][vc_single_image image=&#8220;253&#8243; img_size=&#8220;128&#215;91&#8243; alignment=&#8220;center&#8220;][\/vc_column_inner][vc_column_inner width=&#8220;1\/6&#8243;][\/vc_column_inner][\/vc_row_inner][\/vc_column][\/vc_row]<\/p>\n<\/div>","protected":false},"excerpt":{"rendered":"<p>[vc_section content_placement=&#8220;middle&#8220; css=&#8220;.vc_custom_1667400781206{background-image: url(https:\/\/casa-colonia.de\/wp-content\/uploads\/2022\/11\/handmadepaper.webp?id=5873) !important;background-position: 0 0 !important;background-repeat: repeat !important;}&#8220; el_class=&#8220;double-border-row-section&#8220;][vc_row css=&#8220;.vc_custom_1667484995302{margin-top: 5% !important;margin-right: 5% !important;margin-bottom: 5% !important;margin-left: 5% !important;border-top-width: 8px !important;border-right-width: 8px !important;border-bottom-width: 8px !important;border-left-width: 8px !important;padding-top: 0px !important;padding-right: 5% !important;padding-bottom: 50px !important;padding-left: 5% !important;background-position: 0 0 !important;background-repeat: repeat !important;border-left-color: #701414 !important;border-left-style: double !important;border-right-color: #701414 !important;border-right-style: double !important;border-top-color: #701414 !important;border-top-style: double !important;border-bottom-color: #701414 !important;border-bottom-style: [&hellip;]<\/p>\n","protected":false},"author":5,"featured_media":215,"parent":0,"menu_order":0,"comment_status":"closed","ping_status":"closed","template":"","meta":{"footnotes":""},"class_list":["post-5846","page","type-page","status-publish","has-post-thumbnail","hentry"],"aioseo_notices":[],"amp_enabled":true,"_links":{"self":[{"href":"https:\/\/www.casa-colonia.de\/de\/wp-json\/wp\/v2\/pages\/5846","targetHints":{"allow":["GET"]}}],"collection":[{"href":"https:\/\/www.casa-colonia.de\/de\/wp-json\/wp\/v2\/pages"}],"about":[{"href":"https:\/\/www.casa-colonia.de\/de\/wp-json\/wp\/v2\/types\/page"}],"author":[{"embeddable":true,"href":"https:\/\/www.casa-colonia.de\/de\/wp-json\/wp\/v2\/users\/5"}],"replies":[{"embeddable":true,"href":"https:\/\/www.casa-colonia.de\/de\/wp-json\/wp\/v2\/comments?post=5846"}],"version-history":[{"count":20,"href":"https:\/\/www.casa-colonia.de\/de\/wp-json\/wp\/v2\/pages\/5846\/revisions"}],"predecessor-version":[{"id":23040,"href":"https:\/\/www.casa-colonia.de\/de\/wp-json\/wp\/v2\/pages\/5846\/revisions\/23040"}],"wp:featuredmedia":[{"embeddable":true,"href":"https:\/\/www.casa-colonia.de\/de\/wp-json\/wp\/v2\/media\/215"}],"wp:attachment":[{"href":"https:\/\/www.casa-colonia.de\/de\/wp-json\/wp\/v2\/media?parent=5846"}],"curies":[{"name":"wp","href":"https:\/\/api.w.org\/{rel}","templated":true}]}}