{"id":6216,"date":"2022-11-14T08:02:58","date_gmt":"2022-11-14T08:02:58","guid":{"rendered":"https:\/\/casa-colonia.de\/approach\/"},"modified":"2025-06-17T07:04:05","modified_gmt":"2025-06-17T07:04:05","slug":"approach","status":"publish","type":"page","link":"https:\/\/www.casa-colonia.de\/en\/approach\/","title":{"rendered":"Approach + Parking"},"content":{"rendered":"<div class=\"wpb-content-wrapper\"><p>[vc_row css=&#8221;.vc_custom_1667387393509{margin-bottom: 50px !important;}&#8221;][vc_column width=&#8221;1\/2&#8243;][vc_column_text]<\/p>\n<h2 style=\"font-family: 'Montserrat'; font-weight: 500; line-height: 42px;\">Main Station<\/h2>\n<ul style=\"list-style: none; padding-left: 0; color: #313131; font-size: 14px; line-height: 24px; font-family: 'Montserrat';\">\n<li style=\"margin-bottom: 20px;\">Leave the main station in the direction of Bahnhofsvorplatz\/Breslauerplatz. It is best to use the exit between the pharmacy and the McDonald&#8217;s branch.<\/li>\n<li style=\"margin-bottom: 20px;\">Continue straight on there and at the roundabout continue straight on into Johannisstra\u00dfe.<\/li>\n<li style=\"margin-bottom: 20px;\">Follow this until you cross Machab\u00e4erstrasse at the end. The hotel is located directly at the junction of Machab\u00e4erstra\u00dfe\/Johannisstra\u00dfe.<\/li>\n<\/ul>\n<p>[\/vc_column_text][\/vc_column][vc_column width=&#8221;1\/2&#8243;][vc_gmaps link=&#8221;#E-8_JTNDaWZyYW1lJTIwc3JjJTNEJTIyaHR0cHMlM0ElMkYlMkZ3d3cuZ29vZ2xlLmNvbSUyRm1hcHMlMkZlbWJlZCUzRnBiJTNEJTIxMW0xOCUyMTFtMTIlMjExbTMlMjExZDI1MTMuNzkyOTM3NDQ1MTEzMiUyMTJkNi45NTk0MDIyMTU5Mzk1NDYlMjEzZDUwLjk0NjA0MjI3OTU0Njg1JTIxMm0zJTIxMWYwJTIxMmYwJTIxM2YwJTIxM20yJTIxMWkxMDI0JTIxMmk3NjglMjE0ZjEzLjElMjEzbTMlMjExbTIlMjExczB4NDdiZjI1YmI3ZDdkZmM0OSUyNTNBMHg1YjAzNGFhNTczOTZmMDQ4JTIxMnNIb3RlbCUyNTIwQ2FzYSUyNTIwQ29sb25pYSUyMTVlMCUyMTNtMiUyMTFzZGUlMjEyc2x2JTIxNHYxNjI0MjYzNzQ0NjI2JTIxNW0yJTIxMXNkZSUyMTJzbHYlMjIlMjB3aWR0aCUzRCUyMjYwMCUyMiUyMGhlaWdodCUzRCUyMjQ1MCUyMiUyMHN0eWxlJTNEJTIyYm9yZGVyJTNBMCUzQiUyMiUyMGFsbG93ZnVsbHNjcmVlbiUzRCUyMiUyMiUyMGxvYWRpbmclM0QlMjJsYXp5JTIyJTNFJTNDJTJGaWZyYW1lJTNF&#8221;][\/vc_column][\/vc_row][vc_row][vc_column width=&#8221;1\/2&#8243;][vc_column_text]<\/p>\n<h2 style=\"font-family: 'Montserrat'; font-weight: 500; line-height: 42px;\">Via the A3<\/h2>\n<ul style=\"list-style: none; padding-left: 0; color: #313131; font-size: 14px; line-height: 24px; font-family: 'Montserrat';\">\n<li style=\"margin-bottom: 20px;\">Leave the A3 at the K\u00f6ln Ost motorway junction in the direction of Zentrum (city centre) and take the B55a.<\/li>\n<li style=\"margin-bottom: 20px;\">Stay on the B55a until you have crossed the Zoobr\u00fccke bridge. At the end of the bridge, leave the B55a in the direction of the city centre and take the Niederl\u00e4nder Ufer (B51).<\/li>\n<li style=\"margin-bottom: 20px;\">Follow the road along the Rhine for approx. 1.8 km and turn right into Goldgasse.<\/li>\n<li style=\"margin-bottom: 20px;\">Continue until you reach the roundabout. Leave the roundabout at the 1st exit into Johannisstra\u00dfe.<\/li>\n<li style=\"margin-bottom: 20px;\">Drive straight on, past the Marriott Hotel. At the end of Johannisstra\u00dfe you will come directly to Machab\u00e4erstra\u00dfe and Casa Colonia.<\/li>\n<\/ul>\n<p>[\/vc_column_text][\/vc_column][vc_column width=&#8221;1\/2&#8243;][vc_column_text]<\/p>\n<h2 style=\"font-family: 'Montserrat'; font-weight: 500; line-height: 42px;\">Via the A57<\/h2>\n<ul style=\"list-style: none; padding-left: 0; color: #313131; font-size: 14px; line-height: 24px; font-family: 'Montserrat';\">\n<li style=\"margin-bottom: 20px;\">Leave the A57 at junction (30) Ehrenfeld in the direction of Zentrum.<\/li>\n<li style=\"margin-bottom: 20px;\">Follow the Innere Kanalstra\u00dfe for 200m- then make a U-turn at the Telekomturm.<br \/>\nTurn right into Subbelratherstra\u00dfe in the direction of Zentrum.<\/li>\n<li style=\"margin-bottom: 20px;\">Pass the railway subway and follow the road along the Mediapark (left) for approx. 1.5 km.<\/li>\n<li style=\"margin-bottom: 20px;\">Pass under another railway overpass and THEN immediately turn right into Machab\u00e4erstra\u00dfe.<\/li>\n<li style=\"margin-bottom: 20px;\">After approx. 200m (Machab\u00e4erstra\u00dfe corner Johannisstra\u00dfe) you have reached Casa Colonia.<\/li>\n<\/ul>\n<p>[\/vc_column_text][\/vc_column][\/vc_row][vc_row css=&#8221;.vc_custom_1666960796095{padding-top: 5% !important;padding-right: 10% !important;padding-left: 10% !important;}&#8221;][vc_column][vc_column_text]<\/p>\n<p style=\"text-align: center;\">If you have a problem on the way, you can of course ask us for directions at any time. One call is all it takes: <a href=\"tel:+49221160600\"><strong>0221 160600<\/strong><\/a><\/p>\n<p>[\/vc_column_text][\/vc_column][\/vc_row][vc_row][vc_column][vc_custom_heading text=&#8221;We wish you a pleasant journey!&#8221; font_container=&#8221;tag:h2|font_size:26px|text_align:center|color:%230a0a0a&#8221; google_fonts=&#8221;font_family:Lora%3Aregular%2Citalic%2C700%2C700italic|font_style:400%20regular%3A400%3Anormal&#8221; css=&#8221;.vc_custom_1667376885771{padding-top: 50px !important;}&#8221;][\/vc_column][\/vc_row]<\/p>\n<\/div>","protected":false},"excerpt":{"rendered":"<p>[vc_row css=&#8221;.vc_custom_1667387393509{margin-bottom: 50px !important;}&#8221;][vc_column width=&#8221;1\/2&#8243;][vc_column_text] Main Station Leave the main station in the direction of Bahnhofsvorplatz\/Breslauerplatz. It is best to use the exit between the pharmacy and the McDonald&#8217;s branch. Continue straight on there and at the roundabout continue straight on into Johannisstra\u00dfe. Follow this until you cross Machab\u00e4erstrasse at the end. The hotel is [&hellip;]<\/p>\n","protected":false},"author":5,"featured_media":1597,"parent":0,"menu_order":0,"comment_status":"closed","ping_status":"closed","template":"","meta":{"footnotes":""},"class_list":["post-6216","page","type-page","status-publish","has-post-thumbnail","hentry"],"aioseo_notices":[],"amp_enabled":true,"_links":{"self":[{"href":"https:\/\/www.casa-colonia.de\/en\/wp-json\/wp\/v2\/pages\/6216","targetHints":{"allow":["GET"]}}],"collection":[{"href":"https:\/\/www.casa-colonia.de\/en\/wp-json\/wp\/v2\/pages"}],"about":[{"href":"https:\/\/www.casa-colonia.de\/en\/wp-json\/wp\/v2\/types\/page"}],"author":[{"embeddable":true,"href":"https:\/\/www.casa-colonia.de\/en\/wp-json\/wp\/v2\/users\/5"}],"replies":[{"embeddable":true,"href":"https:\/\/www.casa-colonia.de\/en\/wp-json\/wp\/v2\/comments?post=6216"}],"version-history":[{"count":4,"href":"https:\/\/www.casa-colonia.de\/en\/wp-json\/wp\/v2\/pages\/6216\/revisions"}],"predecessor-version":[{"id":16958,"href":"https:\/\/www.casa-colonia.de\/en\/wp-json\/wp\/v2\/pages\/6216\/revisions\/16958"}],"wp:featuredmedia":[{"embeddable":true,"href":"https:\/\/www.casa-colonia.de\/en\/wp-json\/wp\/v2\/media\/1597"}],"wp:attachment":[{"href":"https:\/\/www.casa-colonia.de\/en\/wp-json\/wp\/v2\/media?parent=6216"}],"curies":[{"name":"wp","href":"https:\/\/api.w.org\/{rel}","templated":true}]}}