{"id":6234,"date":"2022-11-14T09:06:02","date_gmt":"2022-11-14T09:06:02","guid":{"rendered":"https:\/\/casa-colonia.de\/the-location\/"},"modified":"2025-04-01T12:06:39","modified_gmt":"2025-04-01T12:06:39","slug":"the-location","status":"publish","type":"page","link":"https:\/\/www.casa-colonia.de\/en\/the-location\/","title":{"rendered":"The location"},"content":{"rendered":"<div class=\"wpb-content-wrapper\"><p>[vc_section css=&#8221;.vc_custom_1667569781885{margin-bottom: 50px !important;border-top-width: 8px !important;border-right-width: 8px !important;border-bottom-width: 8px !important;border-left-width: 8px !important;padding-top: 5% !important;padding-right: 5% !important;padding-bottom: 5% !important;padding-left: 5% !important;border-left-color: #701414 !important;border-left-style: double !important;border-right-color: #701414 !important;border-right-style: double !important;border-top-color: #701414 !important;border-top-style: double !important;border-bottom-color: #701414 !important;border-bottom-style: double !important;}&#8221;][vc_row][vc_column][vc_text_separator title=&#8221;Hotel near&#8230;&#8221; color=&#8221;custom&#8221; accent_color=&#8221;#701414&#8243; el_class=&#8221;text-mit-trennlinie&#8221;][\/vc_column][\/vc_row][vc_row][vc_column width=&#8221;1\/3&#8243;][vc_column_text el_class=&#8221;text-mit-trennlinie-sm&#8221;]<\/p>\n<h3>Nearby<\/h3>\n<p>[\/vc_column_text][vc_row_inner css=&#8221;.vc_custom_1667568019662{margin-top: 0px !important;margin-bottom: 0px !important;}&#8221; el_class=&#8221;auflistung-orte&#8221;][vc_column_inner width=&#8221;4\/5&#8243;][vc_column_text]<\/p>\n<p style=\"font-size: 14px;\">Karl Band Square<\/p>\n<p>[\/vc_column_text][vc_column_text]<\/p>\n<p style=\"font-size: 14px;\">Museum Ludwig<\/p>\n<p>[\/vc_column_text][vc_column_text]<\/p>\n<p style=\"font-size: 14px;\">Hohenzollern Bridge<\/p>\n<p>[\/vc_column_text][vc_column_text]<\/p>\n<p style=\"font-size: 14px;\">Roman-Germanic Museum<\/p>\n<p>[\/vc_column_text][vc_column_text]<\/p>\n<p style=\"font-size: 14px;\">Cologne Old Market<\/p>\n<p>[\/vc_column_text][vc_column_text]<\/p>\n<p style=\"font-size: 14px;\">Klingelp\u00fctzpark<\/p>\n<p>[\/vc_column_text][vc_column_text]<\/p>\n<p style=\"font-size: 14px;\">Museum of Applied Art<\/p>\n<p>[\/vc_column_text][vc_column_text]<\/p>\n<p style=\"font-size: 14px;\">Cologne Triangle<\/p>\n<p>[\/vc_column_text][vc_column_text]<\/p>\n<p style=\"font-size: 14px;\">East Meadow State House<\/p>\n<p>[\/vc_column_text][vc_column_text]<\/p>\n<p style=\"font-size: 14px;\">Kolumba<\/p>\n<p>[\/vc_column_text][\/vc_column_inner][vc_column_inner width=&#8221;1\/5&#8243;][vc_column_text]<\/p>\n<p style=\"font-size: 14px; text-align: right;\">150m<\/p>\n<p>[\/vc_column_text][vc_column_text]<\/p>\n<p style=\"font-size: 14px; text-align: right;\">600m<\/p>\n<p>[\/vc_column_text][vc_column_text]<\/p>\n<p style=\"font-size: 14px; text-align: right;\">600m<\/p>\n<p>[\/vc_column_text][vc_column_text]<\/p>\n<p style=\"font-size: 14px; text-align: right;\">600m<\/p>\n<p>[\/vc_column_text][vc_column_text]<\/p>\n<p style=\"font-size: 14px; text-align: right;\">800m<\/p>\n<p>[\/vc_column_text][vc_column_text]<\/p>\n<p style=\"font-size: 14px; text-align: right;\">800m<\/p>\n<p>[\/vc_column_text][vc_column_text]<\/p>\n<p style=\"font-size: 14px; text-align: right;\">850m<\/p>\n<p>[\/vc_column_text][vc_column_text]<\/p>\n<p style=\"font-size: 14px; text-align: right;\">950m<\/p>\n<p>[\/vc_column_text][vc_column_text]<\/p>\n<p style=\"font-size: 14px; text-align: right;\">950m<\/p>\n<p>[\/vc_column_text][vc_column_text]<\/p>\n<p style=\"font-size: 14px; text-align: right;\">950m<\/p>\n<p>[\/vc_column_text][\/vc_column_inner][\/vc_row_inner][\/vc_column][vc_column width=&#8221;1\/3&#8243;][vc_column_text el_class=&#8221;text-mit-trennlinie-sm&#8221;]<\/p>\n<h3>Top attractions<\/h3>\n<p>[\/vc_column_text][vc_row_inner css=&#8221;.vc_custom_1667568037438{margin-top: 0px !important;margin-bottom: 0px !important;}&#8221; el_class=&#8221;auflistung-orte&#8221;][vc_column_inner width=&#8221;4\/5&#8243;][vc_column_text]Cologne Dom (Cathedral)[\/vc_column_text][vc_column_text]<\/p>\n<p style=\"font-size: 14px;\">Wallraf-Richardtz-Museum<\/p>\n<p>[\/vc_column_text][vc_column_text]<\/p>\n<p style=\"font-size: 14px;\">Cologne Trade Fair \/ Deutz<\/p>\n<p>[\/vc_column_text][vc_column_text]<\/p>\n<p style=\"font-size: 14px;\">NS Documentation Centre<\/p>\n<p>[\/vc_column_text][vc_column_text]<\/p>\n<p style=\"font-size: 14px;\">Cologne Tower<\/p>\n<p>[\/vc_column_text][vc_column_text]<\/p>\n<p style=\"font-size: 14px;\">Neumarkt Cologne<\/p>\n<p>[\/vc_column_text][vc_column_text]<\/p>\n<p style=\"font-size: 14px;\">Chocolate Museum Cologne<\/p>\n<p>[\/vc_column_text][vc_column_text]<\/p>\n<p style=\"font-size: 14px;\">Botanical Garden Flora<\/p>\n<p>[\/vc_column_text][vc_column_text]<\/p>\n<p style=\"font-size: 14px;\">Lanxess Arena Cologne<\/p>\n<p>[\/vc_column_text][vc_column_text]<\/p>\n<p style=\"font-size: 14px;\">Cologne TV Tower<\/p>\n<p>[\/vc_column_text][vc_column_text]<\/p>\n<p style=\"font-size: 14px;\">Museum of East Asian Art<\/p>\n<p>[\/vc_column_text][vc_column_text]<\/p>\n<p style=\"font-size: 14px;\">Augustusburg Castle<\/p>\n<p>[\/vc_column_text][vc_column_text]<\/p>\n<p style=\"font-size: 14px;\">Falkenlust Palace<\/p>\n<p>[\/vc_column_text][vc_column_text]<\/p>\n<p style=\"font-size: 14px;\">Castle Bruehl<\/p>\n<p>[\/vc_column_text][\/vc_column_inner][vc_column_inner width=&#8221;1\/5&#8243;][vc_column_text]<\/p>\n<p style=\"font-size: 14px; text-align: right;\">550m<\/p>\n<p>[\/vc_column_text][vc_column_text]<\/p>\n<p style=\"font-size: 14px; text-align: right;\">950m<\/p>\n<p>[\/vc_column_text][vc_column_text]<\/p>\n<p style=\"font-size: 14px; text-align: right;\">1km<\/p>\n<p>[\/vc_column_text][vc_column_text]<\/p>\n<p style=\"font-size: 14px; text-align: right;\">1km<\/p>\n<p>[\/vc_column_text][vc_column_text]<\/p>\n<p style=\"font-size: 14px; text-align: right;\">1,3km<\/p>\n<p>[\/vc_column_text][vc_column_text]<\/p>\n<p style=\"font-size: 14px; text-align: right;\">1,5km<\/p>\n<p>[\/vc_column_text][vc_column_text]<\/p>\n<p style=\"font-size: 14px; text-align: right;\">1,5km<\/p>\n<p>[\/vc_column_text][vc_column_text]<\/p>\n<p style=\"font-size: 14px; text-align: right;\">1,6km<\/p>\n<p>[\/vc_column_text][vc_column_text]<\/p>\n<p style=\"font-size: 14px; text-align: right;\">1,7km<\/p>\n<p>[\/vc_column_text][vc_column_text]<\/p>\n<p style=\"font-size: 14px; text-align: right;\">2,1km<\/p>\n<p>[\/vc_column_text][vc_column_text]<\/p>\n<p style=\"font-size: 14px; text-align: right;\">2,8km<\/p>\n<p>[\/vc_column_text][vc_column_text]<\/p>\n<p style=\"font-size: 14px; text-align: right;\">14km<\/p>\n<p>[\/vc_column_text][vc_column_text]<\/p>\n<p style=\"font-size: 14px; text-align: right;\">14km<\/p>\n<p>[\/vc_column_text][vc_column_text]<\/p>\n<p style=\"font-size: 14px; text-align: right;\">14km<\/p>\n<p>[\/vc_column_text][\/vc_column_inner][\/vc_row_inner][\/vc_column][vc_column width=&#8221;1\/3&#8243;][vc_column_text el_class=&#8221;text-mit-trennlinie-sm&#8221;]<\/p>\n<h3>Local traffic<\/h3>\n<p>[\/vc_column_text][vc_row_inner css=&#8221;.vc_custom_1667568134395{margin-top: 0px !important;margin-bottom: 0px !important;}&#8221; el_class=&#8221;auflistung-orte&#8221;][vc_column_inner width=&#8221;4\/5&#8243;][vc_column_text]<\/p>\n<p style=\"font-size: 14px;\">Train &#8211; Cologne Central Station<\/p>\n<p>[\/vc_column_text][vc_column_text]<\/p>\n<p style=\"font-size: 14px;\">Underground &#8211; Dom\/Hbf underground station<\/p>\n<p>[\/vc_column_text][vc_column_text]<\/p>\n<p style=\"font-size: 14px;\">Underground &#8211; Ebertplatz underground station<\/p>\n<p>[\/vc_column_text][\/vc_column_inner][vc_column_inner width=&#8221;1\/5&#8243;][vc_column_text]<\/p>\n<p style=\"font-size: 14px; text-align: right;\">400m<\/p>\n<p>[\/vc_column_text][vc_column_text]<\/p>\n<p style=\"font-size: 14px; text-align: right;\">400m<\/p>\n<p>[\/vc_column_text][vc_column_text]<\/p>\n<p style=\"font-size: 14px; text-align: right;\">600m<\/p>\n<p>[\/vc_column_text][\/vc_column_inner][\/vc_row_inner][vc_column_text el_class=&#8221;text-mit-trennlinie-sm&#8221;]<\/p>\n<h3>Airports<\/h3>\n<p>[\/vc_column_text][vc_row_inner css=&#8221;.vc_custom_1667568151376{margin-top: 0px !important;margin-bottom: 0px !important;}&#8221; el_class=&#8221;auflistung-orte&#8221;][vc_column_inner width=&#8221;4\/5&#8243;][vc_column_text]<\/p>\n<p style=\"font-size: 14px;\">Cologne\/Bonn Airport<\/p>\n<p>[\/vc_column_text][vc_column_text]<\/p>\n<p style=\"font-size: 14px;\">D\u00fcsseldorf Airport<\/p>\n<p>[\/vc_column_text][vc_column_text]<\/p>\n<p style=\"font-size: 14px;\">Essen\/M\u00fclheim Airport<\/p>\n<p>[\/vc_column_text][\/vc_column_inner][vc_column_inner width=&#8221;1\/5&#8243;][vc_column_text]<\/p>\n<p style=\"font-size: 14px; text-align: right;\">15km<\/p>\n<p>[\/vc_column_text][vc_column_text]<\/p>\n<p style=\"font-size: 14px; text-align: right;\">40km<\/p>\n<p>[\/vc_column_text][vc_column_text]<\/p>\n<p style=\"font-size: 14px; text-align: right;\">51km<\/p>\n<p>[\/vc_column_text][\/vc_column_inner][\/vc_row_inner][vc_column_text el_class=&#8221;text-mit-trennlinie-sm&#8221;]<\/p>\n<h3>Landscape<\/h3>\n<p>[\/vc_column_text][vc_row_inner css=&#8221;.vc_custom_1667568182201{margin-top: 0px !important;margin-bottom: 0px !important;}&#8221; el_class=&#8221;auflistung-orte&#8221;][vc_column_inner width=&#8221;4\/5&#8243;][vc_column_text]<\/p>\n<p style=\"font-size: 14px;\">River &#8211; Rhine<\/p>\n<p>[\/vc_column_text][\/vc_column_inner][vc_column_inner width=&#8221;1\/5&#8243;][vc_column_text]<\/p>\n<p style=\"font-size: 14px; text-align: right;\">200m<\/p>\n<p>[\/vc_column_text][\/vc_column_inner][\/vc_row_inner][\/vc_column][\/vc_row][vc_row css=&#8221;.vc_custom_1667893984075{margin-top: 30px !important;margin-bottom: 0px !important;}&#8221;][vc_column][vc_column_text]<\/p>\n<p style=\"color: #999999; font-size: 11px; text-align: center;\">All distances are based on aerial measurements. The actual travel distance might vary.<\/p>\n<p>[\/vc_column_text][\/vc_column][\/vc_row][\/vc_section][vc_row equal_height=&#8221;yes&#8221; content_placement=&#8221;bottom&#8221;][vc_column width=&#8221;1\/2&#8243; css=&#8221;.vc_custom_1667907872754{margin-top: 0px !important;margin-right: 0px !important;margin-bottom: 0px !important;margin-left: 0px !important;padding-top: 0px !important;padding-right: 0px !important;padding-bottom: 0px !important;padding-left: 0px !important;background: #701414 url(https:\/\/casa-colonia.de\/wp-content\/uploads\/2022\/11\/high-speed-train-on-the-railway-station-at-night-2021-08-26-17-00-56-utc-scaled-e1667907398912.jpg?id=6098) !important;background-position: center !important;background-repeat: no-repeat !important;background-size: cover !important;}&#8221;][\/vc_column][vc_column width=&#8221;1\/2&#8243; css=&#8221;.vc_custom_1667827953245{margin-top: 8% !important;margin-right: 8% !important;margin-bottom: 8% !important;margin-left: 8% !important;}&#8221;][vc_column_text el_class=&#8221;text-mit-trennlinie-sm&#8221;]<\/p>\n<h3 style=\"font-size: 22px;\">Central Station Cologne<\/h3>\n<p>[\/vc_column_text][vc_column_text]<\/p>\n<p style=\"text-align: justify; line-height: 24px;\">The central location of the Casa Colonia Hotel offers ideal connections to Cologne&#8217;s main railway station. Cologne Central Station is the hub for local and long-distance traffic in Cologne and offers you an environmentally friendly way to travel. The train station is very close to the hotel and only a 3-minute walk or 300m from the hotel. The connection to the public transport is ideal. You can easily leave from the main station\/Breslauer Platz or from the nearby Ebertplatz in really all directions of the city. The K\u00f6ln Hauptbahnhof Hotel offers the ideal location for a city break.<\/p>\n<p>[\/vc_column_text][\/vc_column][\/vc_row][vc_row equal_height=&#8221;yes&#8221; content_placement=&#8221;bottom&#8221;][vc_column width=&#8221;1\/2&#8243; css=&#8221;.vc_custom_1667827953245{margin-top: 8% !important;margin-right: 8% !important;margin-bottom: 8% !important;margin-left: 8% !important;}&#8221;][vc_column_text el_class=&#8221;text-mit-trennlinie-sm&#8221; css=&#8221;.vc_custom_1743509165923{margin-top: 0px !important;margin-right: 0px !important;margin-bottom: 0px !important;margin-left: 0px !important;padding-top: 0px !important;padding-right: 0px !important;padding-bottom: 0px !important;padding-left: 0px !important;}&#8221;]<\/p>\n<h3 style=\"font-size: 22px;\">Cologne Dom<\/h3>\n<p>[\/vc_column_text][vc_column_text]<\/p>\n<p style=\"text-align: justify; line-height: 24px;\">Cologne Cathedral or the High Cathedral Church of Saint Peter represents the landmark of the city of Cologne. Together with the Cologne TV Tower, these two sights form the main protagonists of the Cologne skyline. The free visit to Cologne Cathedral outside of church services, offers a great start to sightseeing in Cologne. There is also the possibility to visit the cathedral treasury for an entrance fee. This includes a large number of ancient and precious relics, liturgical devices, manuscripts, vestments and insignia of various archbishops and cathedral clergy from the 4th to the 20th century. The Cologne Cathedral Hotel Casa Colonia offers the ideal starting point for this visit.<\/p>\n<p>[\/vc_column_text][\/vc_column][vc_column width=&#8221;1\/2&#8243; css=&#8221;.vc_custom_1667907892033{margin-top: 0px !important;margin-right: 0px !important;margin-bottom: 0px !important;margin-left: 0px !important;padding-top: 0px !important;padding-right: 0px !important;padding-bottom: 0px !important;padding-left: 0px !important;background: rgba(112,20,20,0.7) url(https:\/\/casa-colonia.de\/wp-content\/uploads\/2022\/11\/night-view-of-cologne-cathedral-germany-europe-2021-08-27-06-38-37-utc-scaled-e1667907497830.jpg?id=6105) !important;background-position: center !important;background-repeat: no-repeat !important;background-size: cover !important;*background-color: rgb(112,20,20) !important;}&#8221;][\/vc_column][\/vc_row][vc_row equal_height=&#8221;yes&#8221; content_placement=&#8221;bottom&#8221;][vc_column width=&#8221;1\/2&#8243; css=&#8221;.vc_custom_1667907904659{margin-top: 0px !important;margin-right: 0px !important;margin-bottom: 0px !important;margin-left: 0px !important;padding-top: 0px !important;padding-right: 0px !important;padding-bottom: 0px !important;padding-left: 0px !important;background: #701414 url(https:\/\/casa-colonia.de\/wp-content\/uploads\/2022\/11\/MicrosoftTeams-image-scaled-e1667907825829.jpg?id=6123) !important;background-position: center !important;background-repeat: no-repeat !important;background-size: cover !important;}&#8221;][\/vc_column][vc_column width=&#8221;1\/2&#8243; css=&#8221;.vc_custom_1667827953245{margin-top: 8% !important;margin-right: 8% !important;margin-bottom: 8% !important;margin-left: 8% !important;}&#8221;][vc_column_text el_class=&#8221;text-mit-trennlinie-sm&#8221;]<\/p>\n<h3 style=\"font-size: 22px;\">Lanxess Arena<\/h3>\n<p>[\/vc_column_text][vc_column_text]<\/p>\n<p style=\"text-align: justify; line-height: 24px;\">The Lanxess Arena is in the immediate vicinity of our hotel. The popularly known &#8220;Henkelm\u00e4nnchen&#8221; is a multifunctional hall in Cologne-Deutz. With up to 20,000 seats, it is the largest event hall in Germany and one of the largest and most modern event halls in the world. The Lanxess Arena is the venue for a wide variety of events, such as comedy shows, musicals, sporting events, concerts or conferences. Thanks to the central location of the Hotel Casa Colonia, you can reach the Lanxess Arena directly by car or public transport or within a 30-minute walk.<\/p>\n<p>[\/vc_column_text][\/vc_column][\/vc_row][vc_row equal_height=&#8221;yes&#8221; content_placement=&#8221;bottom&#8221;][vc_column width=&#8221;1\/2&#8243; css=&#8221;.vc_custom_1667827953245{margin-top: 8% !important;margin-right: 8% !important;margin-bottom: 8% !important;margin-left: 8% !important;}&#8221;][vc_column_text el_class=&#8221;text-mit-trennlinie-sm&#8221;]<\/p>\n<h3 style=\"font-size: 22px;\">Cologne Centre<\/h3>\n<p>[\/vc_column_text][vc_column_text]<\/p>\n<p style=\"text-align: justify; line-height: 24px;\">Due to the excellent and central location of our hotel, you can reach all important sights on foot or by public transport. For example, the Cologne Cathedral, the Hohenzollern Bridge, the Cologne TV Tower, the Chocolate Museum and many other museums. Cologne&#8217;s city centre can be reached on foot in just 10 minutes. Here you can expect a unique mix of renowned shops, restaurants, breweries and prominent squares, nestled between historic houses and quaint alleyways.<\/p>\n<p>[\/vc_column_text][\/vc_column][vc_column width=&#8221;1\/2&#8243; css=&#8221;.vc_custom_1667907920549{margin-top: 0px !important;margin-right: 0px !important;margin-bottom: 0px !important;margin-left: 0px !important;padding-top: 0px !important;padding-right: 0px !important;padding-bottom: 0px !important;padding-left: 0px !important;background: rgba(112,20,20,0.5) url(https:\/\/casa-colonia.de\/wp-content\/uploads\/2022\/11\/cologne-koln-germany-during-sunset-cologne-bridge-2022-08-13-21-33-39-utc-scaled-e1667906991787.jpg?id=6073) !important;background-position: center !important;background-repeat: no-repeat !important;background-size: cover !important;*background-color: rgb(112,20,20) !important;}&#8221;][\/vc_column][\/vc_row][vc_row equal_height=&#8221;yes&#8221; content_placement=&#8221;bottom&#8221;][vc_column width=&#8221;1\/2&#8243; css=&#8221;.vc_custom_1667907931936{margin-top: 0px !important;margin-right: 0px !important;margin-bottom: 0px !important;margin-left: 0px !important;padding-top: 0px !important;padding-right: 0px !important;padding-bottom: 0px !important;padding-left: 0px !important;background: rgba(112,20,20,0.75) url(https:\/\/casa-colonia.de\/wp-content\/uploads\/2022\/11\/asian-woman-standing-in-trade-fair-exhibition-hall-2022-08-01-01-59-50-utc-scaled-e1667907583318.jpg?id=6111) !important;background-position: center !important;background-repeat: no-repeat !important;background-size: cover !important;*background-color: rgb(112,20,20) !important;}&#8221;][\/vc_column][vc_column width=&#8221;1\/2&#8243; css=&#8221;.vc_custom_1667827953245{margin-top: 8% !important;margin-right: 8% !important;margin-bottom: 8% !important;margin-left: 8% !important;}&#8221;][vc_column_text el_class=&#8221;text-mit-trennlinie-sm&#8221;]<\/p>\n<h3 style=\"font-size: 22px;\">Cologne Fair<\/h3>\n<p>[\/vc_column_text][vc_column_text]<\/p>\n<p style=\"text-align: justify; line-height: 24px;\">The central location of the Casa Colonia allows you to reach the exhibition grounds of the K\u00f6ln-Messe either on foot via the Hohenzollernbr\u00fccke (the famous &#8220;Liebesschlossbr\u00fccke&#8221;) or you can take the tram for just one stop. The world-famous K\u00f6ln-Messe is the venue for around 80 trade fairs, exhibitions and guest events every year. These include the computer and video game trade fair &#8220;GamesCom&#8221;, the fitness and health trade fair &#8220;FiBo&#8221;, the food and beverage trade fair &#8220;anuga&#8221; and many more. Translated with www.DeepL.com\/Translator (free version) <a style=\"color: #701414;\" href=\"https:\/\/www.koelnmesse.de\/aktuelle-termine\/alle-messen\/\">Click here for the fair calendar.<\/a><\/p>\n<p>[\/vc_column_text][\/vc_column][\/vc_row][vc_row equal_height=&#8221;yes&#8221; content_placement=&#8221;bottom&#8221;][vc_column width=&#8221;1\/2&#8243; css=&#8221;.vc_custom_1667827953245{margin-top: 8% !important;margin-right: 8% !important;margin-bottom: 8% !important;margin-left: 8% !important;}&#8221;][vc_column_text el_class=&#8221;text-mit-trennlinie-sm&#8221;]<\/p>\n<h3 style=\"font-size: 22px;\">Cologne Zoo<\/h3>\n<p>[\/vc_column_text][vc_column_text]<\/p>\n<p style=\"text-align: justify; line-height: 24px;\">Founded in 1860, Cologne Zoo is the third oldest zoo in Germany and one of the most visited institutions of its kind in Germany. The zoo, which is close to the hotel, specialises in breeding endangered species. It offers the perfect destination for families and children. Cologne Zoo is a 25-minute walk from the hotel and can be combined with a nice walk along the Rhine. The Casa Colonia Hotel Cologne near the zoo is the ideal starting point for a family trip to Cologne Zoo.<\/p>\n<p>[\/vc_column_text][\/vc_column][vc_column width=&#8221;1\/2&#8243; css=&#8221;.vc_custom_1667907943606{margin-top: 0px !important;margin-right: 0px !important;margin-bottom: 0px !important;margin-left: 0px !important;padding-top: 0px !important;padding-right: 0px !important;padding-bottom: 0px !important;padding-left: 0px !important;background: #701414 url(https:\/\/casa-colonia.de\/wp-content\/uploads\/2022\/11\/a-tiger-is-lying-in-the-river-around-the-rocks-and-2022-01-29-08-09-48-utc-scaled-e1667907678290.jpg?id=6117) !important;background-position: center !important;background-repeat: no-repeat !important;background-size: cover !important;}&#8221;][\/vc_column][\/vc_row][vc_section css=&#8221;.vc_custom_1667567576188{padding-top: 5% !important;padding-right: 5% !important;padding-bottom: 5% !important;padding-left: 5% !important;background-image: url(https:\/\/casa-colonia.de\/wp-content\/uploads\/2022\/11\/handmadepaper.webp?id=5873) !important;}&#8221;][vc_row css=&#8221;.vc_custom_1667567547674{border-top-width: 8px !important;border-right-width: 8px !important;border-bottom-width: 8px !important;border-left-width: 8px !important;padding-top: 2% !important;padding-right: 5% !important;padding-bottom: 2% !important;padding-left: 5% !important;border-left-color: #701414 !important;border-left-style: double !important;border-right-color: #701414 !important;border-right-style: double !important;border-top-color: #701414 !important;border-top-style: double !important;border-bottom-color: #701414 !important;border-bottom-style: double !important;}&#8221;][vc_column][vc_text_separator title=&#8221;Parking&#8221; color=&#8221;custom&#8221; accent_color=&#8221;#701414&#8243; el_class=&#8221;text-mit-trennlinie&#8221; css=&#8221;.vc_custom_1667567610917{margin-top: 0px !important;}&#8221;][vc_column_text]<\/p>\n<p style=\"font-size: 15px; color: #701414;\">Unfortunately, we do not have our own parking space, so we would like to mention two parking possibilities near the hotel:<\/p>\n<table style=\"width: 75%; margin-left: auto; margin-right: auto; color: #701414; font-size: 15px;\">\n<tbody>\n<tr>\n<td style=\"padding: 30px;\"><strong>Parking on the banks of the Rhine:<\/strong>5\u20ac per day not supervised approx. 500 metres from the hotel<\/td>\n<td style=\"padding: 30px;\"><strong>Rhein Triadem car park:<\/strong>20\u20ac per 24 hours monitored approx. 200 metres from the hotel<\/td>\n<\/tr>\n<\/tbody>\n<\/table>\n<p style=\"font-size: 15px; color: #701414;\">You are also welcome to park your car in front of the hotel and we will explain to you how to get to the parking spaces!<\/p>\n<p>[\/vc_column_text][\/vc_column][\/vc_row][\/vc_section]<\/p>\n<\/div>","protected":false},"excerpt":{"rendered":"<p>[vc_section css=&#8221;.vc_custom_1667569781885{margin-bottom: 50px !important;border-top-width: 8px !important;border-right-width: 8px !important;border-bottom-width: 8px !important;border-left-width: 8px !important;padding-top: 5% !important;padding-right: 5% !important;padding-bottom: 5% !important;padding-left: 5% !important;border-left-color: #701414 !important;border-left-style: double !important;border-right-color: #701414 !important;border-right-style: double !important;border-top-color: #701414 !important;border-top-style: double !important;border-bottom-color: #701414 !important;border-bottom-style: double !important;}&#8221;][vc_row][vc_column][vc_text_separator title=&#8221;Hotel near&#8230;&#8221; color=&#8221;custom&#8221; accent_color=&#8221;#701414&#8243; el_class=&#8221;text-mit-trennlinie&#8221;][\/vc_column][\/vc_row][vc_row][vc_column width=&#8221;1\/3&#8243;][vc_column_text el_class=&#8221;text-mit-trennlinie-sm&#8221;] Nearby [\/vc_column_text][vc_row_inner css=&#8221;.vc_custom_1667568019662{margin-top: 0px !important;margin-bottom: 0px !important;}&#8221; el_class=&#8221;auflistung-orte&#8221;][vc_column_inner width=&#8221;4\/5&#8243;][vc_column_text] Karl Band Square [&hellip;]<\/p>\n","protected":false},"author":5,"featured_media":0,"parent":0,"menu_order":0,"comment_status":"closed","ping_status":"closed","template":"","meta":{"footnotes":""},"class_list":["post-6234","page","type-page","status-publish","hentry"],"aioseo_notices":[],"amp_enabled":true,"_links":{"self":[{"href":"https:\/\/www.casa-colonia.de\/en\/wp-json\/wp\/v2\/pages\/6234","targetHints":{"allow":["GET"]}}],"collection":[{"href":"https:\/\/www.casa-colonia.de\/en\/wp-json\/wp\/v2\/pages"}],"about":[{"href":"https:\/\/www.casa-colonia.de\/en\/wp-json\/wp\/v2\/types\/page"}],"author":[{"embeddable":true,"href":"https:\/\/www.casa-colonia.de\/en\/wp-json\/wp\/v2\/users\/5"}],"replies":[{"embeddable":true,"href":"https:\/\/www.casa-colonia.de\/en\/wp-json\/wp\/v2\/comments?post=6234"}],"version-history":[{"count":4,"href":"https:\/\/www.casa-colonia.de\/en\/wp-json\/wp\/v2\/pages\/6234\/revisions"}],"predecessor-version":[{"id":15456,"href":"https:\/\/www.casa-colonia.de\/en\/wp-json\/wp\/v2\/pages\/6234\/revisions\/15456"}],"wp:attachment":[{"href":"https:\/\/www.casa-colonia.de\/en\/wp-json\/wp\/v2\/media?parent=6234"}],"curies":[{"name":"wp","href":"https:\/\/api.w.org\/{rel}","templated":true}]}}