{"id":3684,"date":"2022-10-14T07:48:21","date_gmt":"2022-10-14T07:48:21","guid":{"rendered":"https:\/\/casa-colonia.de\/sala-triple\/"},"modified":"2026-01-12T08:59:30","modified_gmt":"2026-01-12T08:59:30","slug":"sala-triple","status":"publish","type":"page","link":"https:\/\/www.casa-colonia.de\/es\/habitacion\/sala-triple\/","title":{"rendered":"Sala triple"},"content":{"rendered":"<div class=\"wpb-content-wrapper\"><p>[vc_row gap=\u00bb25&#8243;][vc_column width=\u00bb2\/3&#8243;][vc_single_image image=\u00bb3366&#8243; img_size=\u00bbfull\u00bb css=\u00bb.vc_custom_1663768562282{margin-top: 0px !important;margin-bottom: 0px !important;padding-top: 0px !important;padding-bottom: 0px !important;}\u00bb]<div style=\"background-color:;height: 30px\" class=\"nicdark_section  \"><\/div>[vc_custom_heading source=\u00bbpost_title\u00bb font_container=\u00bbtag:h2|font_size:16px|text_align:left\u00bb google_fonts=\u00bbfont_family:Lora%3Aregular%2Citalic%2C700%2C700italic|font_style:700%20bold%20regular%3A700%3Anormal\u00bb][vc_column_text]Esta espaciosa y moderna habitaci\u00f3n triple est\u00e1 equipada con muebles hechos a medida y discretos elementos de dise\u00f1o, y convence por su soberana sencillez en conjunto con un ambiente atractivo y extraordinario.[\/vc_column_text][\/vc_column][vc_column width=\u00bb1\/3&#8243; css=\u00bb.vc_custom_1663766124074{padding-top: 35px !important;padding-right: 15px !important;padding-bottom: 35px !important;padding-left: 15px !important;background-color: #711415 !important;}\u00bb][vc_custom_heading source=\u00bbpost_title\u00bb font_container=\u00bbtag:h1|text_align:center|color:%23ffffff\u00bb google_fonts=\u00bbfont_family:Lora%3Aregular%2Citalic%2C700%2C700italic|font_style:400%20regular%3A400%3Anormal\u00bb css=\u00bb.vc_custom_1663766811340{margin-bottom: 20px !important;}\u00bb][vc_separator color=\u00bbwhite\u00bb el_width=\u00bb50&#8243;][vc_column_text]<\/p>\n<h3 style=\"text-align: center;\"><img loading=\"lazy\" decoding=\"async\" class=\"alignnone wp-image-1785\" src=\"https:\/\/casa-colonia.de\/wp-content\/uploads\/2021\/06\/raum-icon-1.png\" alt=\"\" width=\"40\" height=\"40\"><br \/>\n<span style=\"color: #ffffff;\">25-30m\u00b2<\/span><\/h3>\n<p>[\/vc_column_text][vc_column_text]<\/p>\n<h3 style=\"text-align: center;\"><img loading=\"lazy\" decoding=\"async\" class=\"alignnone wp-image-1779\" src=\"https:\/\/casa-colonia.de\/wp-content\/uploads\/2021\/06\/bed-icon.png\" alt=\"\" width=\"40\" height=\"40\"><\/h3>\n<h3 style=\"text-align: center;\"><span style=\"color: #ffffff;\">Cama King size + sof\u00e1 cama<\/span><\/h3>\n<p>[\/vc_column_text][vc_column_text]<\/p>\n<h3 style=\"text-align: center;\"><img loading=\"lazy\" decoding=\"async\" class=\"alignnone wp-image-1777\" src=\"https:\/\/casa-colonia.de\/wp-content\/uploads\/2021\/06\/baby-bed-icon.png\" alt=\"\" width=\"40\" height=\"40\"><\/h3>\n<h3 style=\"text-align: center;\"><span style=\"color: #ffffff;\">Con cuna a petici\u00f3n del cliente<\/span><\/h3>\n<p>[\/vc_column_text][vc_separator color=\u00bbwhite\u00bb el_width=\u00bb50&#8243;][vc_custom_heading text=\u00bbdesde 149,00\u20ac\u00bb font_container=\u00bbtag:p|font_size:30|text_align:center|color:%23e8e8e8&#8243; google_fonts=\u00bbfont_family:Lora%3Aregular%2Citalic%2C700%2C700italic|font_style:400%20regular%3A400%3Anormal\u00bb el_class=\u00bbzimmer-preis\u00bb][vc_btn title=\u00bb\u00a1Reserve ahora!\u00bb style=\u00bbflat\u00bb color=\u00bbwhite\u00bb size=\u00bblg\u00bb align=\u00bbcenter\u00bb i_icon_fontawesome=\u00bbfar fa-calendar\u00bb button_block=\u00bbtrue\u00bb add_icon=\u00bbtrue\u00bb link=\u00bburl:https%3A%2F%2Fcasa-colonia.de%2Fes%2Freservar%2F|title:Reservar|\u00bb el_class=\u00bbbuchen-button\u00bb css=\u00bb.vc_custom_1663770621662{margin-top: 25px !important;margin-bottom: 0px !important;}\u00bb][\/vc_column][\/vc_row][vc_row css=\u00bb.vc_custom_1623835510650{padding-top: 64px !important;}\u00bb][vc_column][vc_custom_heading text=\u00bbDise\u00f1o interior\u00bb google_fonts=\u00bbfont_family:Lora%3Aregular%2Citalic%2C700%2C700italic|font_style:400%20regular%3A400%3Anormal\u00bb css=\u00bb.vc_custom_1663767303792{margin-bottom: 10px !important;}\u00bb]\n    <div class=\"nd_options_section nd_options_line_height_0  nd_options_text_align_left \">\n        <span style=\"height:1px;width:30px;background-color:#878787\" class=\"nd_options_display_inline_block\"><\/span>\n    <\/div>\n   [vc_row_inner css=\u00bb.vc_custom_1663767296959{margin-top: 50px !important;}\u00bb][vc_column_inner width=\u00bb1\/4&#8243;][vc_column_text]<img loading=\"lazy\" decoding=\"async\" class=\"alignnone size-full wp-image-4215\" src=\"https:\/\/casa-colonia.de\/wp-content\/uploads\/2022\/10\/icn_bed.png\" alt=\"\" width=\"30\" height=\"30\">Cama de matrimonio (180cm x 200cm)[\/vc_column_text][\/vc_column_inner][vc_column_inner width=\u00bb1\/4&#8243;][vc_column_text]<img loading=\"lazy\" decoding=\"async\" class=\"alignnone wp-image-141\" src=\"https:\/\/casa-colonia.de\/wp-content\/uploads\/2021\/06\/icn_tv.png\" alt=\"\" width=\"30\" height=\"30\"> Televisi\u00f3n de pantalla plana[\/vc_column_text][\/vc_column_inner][vc_column_inner width=\u00bb1\/4&#8243;][vc_column_text]<img loading=\"lazy\" decoding=\"async\" class=\"alignnone wp-image-127\" src=\"https:\/\/casa-colonia.de\/wp-content\/uploads\/2021\/06\/icn_wifi.png\" alt=\"\" width=\"30\" height=\"30\"> Wifi gratuito[\/vc_column_text][\/vc_column_inner][vc_column_inner width=\u00bb1\/4&#8243;][vc_column_text]<img loading=\"lazy\" decoding=\"async\" class=\"alignnone wp-image-137\" src=\"https:\/\/casa-colonia.de\/wp-content\/uploads\/2021\/06\/icn_minibar.png\" alt=\"\" width=\"30\" height=\"30\">Minibar[\/vc_column_text][\/vc_column_inner][\/vc_row_inner][vc_row_inner][vc_column_inner width=\u00bb1\/4&#8243;][vc_column_text]<img loading=\"lazy\" decoding=\"async\" class=\"alignnone wp-image-143\" src=\"https:\/\/casa-colonia.de\/wp-content\/uploads\/2021\/06\/icn_wc.png\" alt=\"\" width=\"30\" height=\"30\"> WC[\/vc_column_text][\/vc_column_inner][vc_column_inner width=\u00bb1\/4&#8243;][vc_column_text]<img loading=\"lazy\" decoding=\"async\" class=\"alignnone wp-image-132\" src=\"https:\/\/casa-colonia.de\/wp-content\/uploads\/2021\/06\/icn_dusche.png\" alt=\"\" width=\"30\" height=\"30\"> Ducha[\/vc_column_text][\/vc_column_inner][vc_column_inner width=\u00bb1\/4&#8243;][vc_column_text]<img loading=\"lazy\" decoding=\"async\" class=\"alignnone wp-image-133\" src=\"https:\/\/casa-colonia.de\/wp-content\/uploads\/2021\/06\/icn_haartrockner.png\" alt=\"\" width=\"30\" height=\"30\"> Secador de pelo[\/vc_column_text][\/vc_column_inner][vc_column_inner width=\u00bb1\/4&#8243;][vc_column_text]<img loading=\"lazy\" decoding=\"async\" class=\"alignnone size-full wp-image-4223\" src=\"https:\/\/casa-colonia.de\/wp-content\/uploads\/2022\/10\/icn_schallschutztu%CC%88r.png\" alt=\"\" width=\"30\" height=\"30\">Puerta insonorizada[\/vc_column_text][\/vc_column_inner][\/vc_row_inner][vc_row_inner][vc_column_inner width=\u00bb1\/4&#8243;][vc_column_text]<img loading=\"lazy\" decoding=\"async\" class=\"alignnone wp-image-135\" src=\"https:\/\/casa-colonia.de\/wp-content\/uploads\/2021\/06\/icn_kleiderschrank.png\" alt=\"\" width=\"30\" height=\"30\"> Armario empotrado[\/vc_column_text][\/vc_column_inner][vc_column_inner width=\u00bb1\/4&#8243;][vc_column_text]<img loading=\"lazy\" decoding=\"async\" class=\"alignnone size-full wp-image-4205\" src=\"https:\/\/casa-colonia.de\/wp-content\/uploads\/2022\/10\/air-conditioner.png\" alt=\"\" width=\"30\" height=\"30\">Aire acondicionado[\/vc_column_text][\/vc_column_inner][vc_column_inner width=\u00bb1\/4&#8243;][vc_column_text]<img loading=\"lazy\" decoding=\"async\" class=\"alignnone size-full wp-image-4210\" src=\"https:\/\/casa-colonia.de\/wp-content\/uploads\/2022\/10\/icn_loungesessel.png\" alt=\"\" width=\"30\" height=\"30\">Sof\u00e1[\/vc_column_text][\/vc_column_inner][vc_column_inner width=\u00bb1\/4&#8243;][\/vc_column_inner][\/vc_row_inner][\/vc_column][\/vc_row][vc_row css=\u00bb.vc_custom_1623835158393{padding-top: 64px !important;}\u00bb][vc_column][vc_custom_heading text=\u00bbM\u00e1s habitaciones\u00bb google_fonts=\u00bbfont_family:Lora%3Aregular%2Citalic%2C700%2C700italic|font_style:400%20regular%3A400%3Anormal\u00bb css=\u00bb.vc_custom_1663766575002{margin-bottom: 10px !important;}\u00bb]\n    <div class=\"nd_options_section nd_options_line_height_0  nd_options_text_align_left \">\n        <span style=\"height:1px;width:30px;background-color:#878787\" class=\"nd_options_display_inline_block\"><\/span>\n    <\/div>\n   [vc_row_inner css=\u00bb.vc_custom_1663766567435{margin-top: 50px !important;}\u00bb][vc_column_inner width=\u00bb1\/3&#8243;][vc_single_image image=\u00bb3378&#8243; img_size=\u00bbmedium\u00bb onclick=\u00bbcustom_link\u00bb el_class=\u00bbother-rooms-image\u00bb link=\u00bb\/sala-de-estar\/\u00bb][vc_custom_heading text=\u00bbSala de estar\u00bb font_container=\u00bbtag:h3|text_align:left\u00bb google_fonts=\u00bbfont_family:Lora%3Aregular%2Citalic%2C700%2C700italic|font_style:400%20regular%3A400%3Anormal\u00bb link=\u00bburl:https%3A%2F%2Fcasa-colonia.de%2Fde%2Ffamilienzimmer%2F|title:Sala%20de%20estar|\u00bb][vc_column_text el_class=\u00bbzimmer-preis-section\u00bb]40 m\u00b2 | desde 159,00\u20ac[\/vc_column_text][vc_btn title=\u00bbM\u00e1s informaci\u00f3n\u00bb style=\u00bboutline-custom\u00bb outline_custom_color=\u00bb#711415&#8243; outline_custom_hover_background=\u00bb#711415&#8243; outline_custom_hover_text=\u00bb#ffffff\u00bb shape=\u00bbsquare\u00bb link=\u00bburl:https%3A%2F%2Fcasa-colonia.de%2Fde%2Ffamilienzimmer%2F|title:Sala%20de%20estar|\u00bb][\/vc_column_inner][vc_column_inner width=\u00bb1\/3&#8243;][vc_single_image image=\u00bb3444&#8243; img_size=\u00bbmedium\u00bb onclick=\u00bbcustom_link\u00bb el_class=\u00bbother-rooms-image\u00bb link=\u00bb\/sala-doble\/\u00bb][vc_custom_heading text=\u00bbSala doble\u00bb font_container=\u00bbtag:h3|text_align:left\u00bb google_fonts=\u00bbfont_family:Lora%3Aregular%2Citalic%2C700%2C700italic|font_style:400%20regular%3A400%3Anormal\u00bb link=\u00bburl:https%3A%2F%2Fcasa-colonia.de%2Fde%2Fdoppelzimmer%2F|title:Sala%20triple|\u00bb][vc_column_text el_class=\u00bbzimmer-preis-section\u00bb]23 m\u00b2 | desde 119,00\u20ac[\/vc_column_text][vc_btn title=\u00bbM\u00e1s informaci\u00f3n\u00bb style=\u00bboutline-custom\u00bb outline_custom_color=\u00bb#711415&#8243; outline_custom_hover_background=\u00bb#711415&#8243; outline_custom_hover_text=\u00bb#ffffff\u00bb shape=\u00bbsquare\u00bb link=\u00bburl:https%3A%2F%2Fcasa-colonia.de%2Fde%2Fdoppelzimmer%2F|title:Sala%20triple|\u00bb][\/vc_column_inner][vc_column_inner width=\u00bb1\/3&#8243;][vc_single_image image=\u00bb3387&#8243; img_size=\u00bbmedium\u00bb onclick=\u00bbcustom_link\u00bb el_class=\u00bbother-rooms-image\u00bb link=\u00bb\/sala-individual\/\u00bb][vc_custom_heading text=\u00bbSala individual\u00bb font_container=\u00bbtag:h3|text_align:left\u00bb google_fonts=\u00bbfont_family:Lora%3Aregular%2Citalic%2C700%2C700italic|font_style:400%20regular%3A400%3Anormal\u00bb link=\u00bburl:https%3A%2F%2Fcasa-colonia.de%2Fde%2Feinzelzimmer%2F|title:Sala%20triple|\u00bb][vc_column_text el_class=\u00bbzimmer-preis-section\u00bb]15 m\u00b2 | desde 99,00\u20ac[\/vc_column_text][vc_btn title=\u00bbM\u00e1s informaci\u00f3n\u00bb style=\u00bboutline-custom\u00bb outline_custom_color=\u00bb#711415&#8243; outline_custom_hover_background=\u00bb#711415&#8243; outline_custom_hover_text=\u00bb#ffffff\u00bb shape=\u00bbsquare\u00bb link=\u00bburl:https%3A%2F%2Fcasa-colonia.de%2Fde%2Feinzelzimmer%2F|title:Sala%20triple|\u00bb][\/vc_column_inner][\/vc_row_inner][\/vc_column][\/vc_row]<\/p>\n<\/div>","protected":false},"excerpt":{"rendered":"<p>[vc_row gap=\u00bb25&#8243;][vc_column width=\u00bb2\/3&#8243;][vc_single_image image=\u00bb3366&#8243; img_size=\u00bbfull\u00bb css=\u00bb.vc_custom_1663768562282{margin-top: 0px !important;margin-bottom: 0px !important;padding-top: 0px !important;padding-bottom: 0px !important;}\u00bb][vc_custom_heading source=\u00bbpost_title\u00bb font_container=\u00bbtag:h2|font_size:16px|text_align:left\u00bb google_fonts=\u00bbfont_family:Lora%3Aregular%2Citalic%2C700%2C700italic|font_style:700%20bold%20regular%3A700%3Anormal\u00bb][vc_column_text]Esta espaciosa y moderna habitaci\u00f3n triple est\u00e1 equipada con muebles hechos a medida y discretos elementos de dise\u00f1o, y convence por su soberana sencillez en conjunto con un ambiente atractivo y extraordinario.[\/vc_column_text][\/vc_column][vc_column width=\u00bb1\/3&#8243; css=\u00bb.vc_custom_1663766124074{padding-top: 35px !important;padding-right: 15px !important;padding-bottom: 35px [&hellip;]<\/p>\n","protected":false},"author":2,"featured_media":3366,"parent":3688,"menu_order":0,"comment_status":"closed","ping_status":"closed","template":"","meta":{"footnotes":""},"class_list":["post-3684","page","type-page","status-publish","has-post-thumbnail","hentry"],"aioseo_notices":[],"amp_enabled":true,"_links":{"self":[{"href":"https:\/\/www.casa-colonia.de\/es\/wp-json\/wp\/v2\/pages\/3684","targetHints":{"allow":["GET"]}}],"collection":[{"href":"https:\/\/www.casa-colonia.de\/es\/wp-json\/wp\/v2\/pages"}],"about":[{"href":"https:\/\/www.casa-colonia.de\/es\/wp-json\/wp\/v2\/types\/page"}],"author":[{"embeddable":true,"href":"https:\/\/www.casa-colonia.de\/es\/wp-json\/wp\/v2\/users\/2"}],"replies":[{"embeddable":true,"href":"https:\/\/www.casa-colonia.de\/es\/wp-json\/wp\/v2\/comments?post=3684"}],"version-history":[{"count":35,"href":"https:\/\/www.casa-colonia.de\/es\/wp-json\/wp\/v2\/pages\/3684\/revisions"}],"predecessor-version":[{"id":23802,"href":"https:\/\/www.casa-colonia.de\/es\/wp-json\/wp\/v2\/pages\/3684\/revisions\/23802"}],"up":[{"embeddable":true,"href":"https:\/\/www.casa-colonia.de\/es\/wp-json\/wp\/v2\/pages\/3688"}],"wp:featuredmedia":[{"embeddable":true,"href":"https:\/\/www.casa-colonia.de\/es\/wp-json\/wp\/v2\/media\/3366"}],"wp:attachment":[{"href":"https:\/\/www.casa-colonia.de\/es\/wp-json\/wp\/v2\/media?parent=3684"}],"curies":[{"name":"wp","href":"https:\/\/api.w.org\/{rel}","templated":true}]}}