{"id":3692,"date":"2022-10-14T07:50:35","date_gmt":"2022-10-14T07:50:35","guid":{"rendered":"https:\/\/casa-colonia.de\/pie-de-imprenta\/"},"modified":"2022-10-20T10:20:44","modified_gmt":"2022-10-20T10:20:44","slug":"pie-de-imprenta","status":"publish","type":"page","link":"https:\/\/www.casa-colonia.de\/es\/pie-de-imprenta\/","title":{"rendered":"Pie de imprenta"},"content":{"rendered":"<div class=\"wpb-content-wrapper\"><p>[vc_row][vc_column][vc_column_text]Hotel Casa Colonia e.K.<\/p>\n<p>Machab\u00e4erstr. 63<\/p>\n<p>50668 K\u00f6ln<\/p>\n<p>Tel.: +49. 221.160 60 0<br \/>\nFax: +49. 221.160 60 18<br \/>\n<a href=\"&#x6d;&#x61;&#x69;&#x6c;&#x74;&#111;&#58;&#109;&#97;il&#64;&#x63;&#x61;&#x73;&#x61;&#x2d;&#x63;&#111;&#108;&#111;nia&#x2e;&#x64;&#x65;\">mail at casa-colonia.de<\/a><br \/>\n<a href=\"https:\/\/www.casa-colonia.de\/\" target=\"_blank\" rel=\"noopener\">www.casa-colonia.de<\/a><\/p>\n<p>&nbsp;<\/p>\n<h3>Propietario del hotel<\/h3>\n<p>&nbsp;<\/p>\n<p>Judith Thies-Pfleiderer<\/p>\n<p>DE289502451<\/p>\n<p>HRA 31107<\/p>\n<p>&nbsp;<\/p>\n<h3>Responsable de la concepci\u00f3n, dise\u00f1o y programaci\u00f3n de la web:<\/h3>\n<p>&nbsp;<\/p>\n<p>Newroom Media GmbH<\/p>\n<p>&nbsp;<\/p>\n<h3>Aviso legal:<\/h3>\n<p>&nbsp;<\/p>\n<p>Das Casa Colonia e.K. aktualisiert und pr\u00fcft die Informationen auf seinen Webseiten st\u00e4ndig. Trotz aller Sorgfalt k\u00f6nnen sich die Daten inzwischen ge\u00e4ndert haben. Eine Haftung oder Garantie f\u00fcr die Richtigkeit, Aktualit\u00e4t und Vollst\u00e4ndigkeit der zur Verf\u00fcgung gestellten Informationen kann daher nicht \u00fcbernommen werden. Gleiches gilt auch f\u00fcr alle anderen Webseiten, auf die mittels Hyperlink verwiesen wird. F\u00fcr den Inhalt der Webseiten, die aufgrund einer solchen Verbindung erreicht werden, sind wir nicht verantwortlich. Falls Sie durch eine Hyperlink auf eine rechtswidrige Seite gelangen sollten, bitten wir Sie uns dar\u00fcber zu informieren:<a href=\"&#x6d;&#x61;&#x69;&#x6c;&#x74;&#x6f;&#x3a;&#x6d;&#x61;&#x69;&#x6c;&#64;&#99;&#97;&#115;&#97;&#45;&#99;olonia&#x2e;&#x64;&#x65;\">&#x6d;&#97;&#105;&#x6c;&#x40;&#99;&#97;&#x73;&#x61;&#45;&#99;&#x6f;&#x6c;&#111;&#110;&#x69;&#x61;&#46;&#100;&#x65;<\/a> Wir werden nach Kenntnis den Link sofort entfernen.<\/p>\n<p>Inhalt und Gestaltung der Internet-Seiten sind urheberrechtlich gesch\u00fctzt. Eine Vervielf\u00e4ltigung der Seiten oder ihrer Inhalte bedarf der vorherigen schriftlichen Zustimmung des Hotels Casa Colonia, soweit die Vervielf\u00e4ltigung nicht ohnehin gesetzlich gestattet ist.[\/vc_column_text][\/vc_column][\/vc_row]<\/p>\n<\/div>","protected":false},"excerpt":{"rendered":"<p>[vc_row][vc_column][vc_column_text]Hotel Casa Colonia e.K. Machab\u00e4erstr. 63 50668 K\u00f6ln Tel.: +49. 221.160 60 0 Fax: +49. 221.160 60 18 mail at casa-colonia.de www.casa-colonia.de &nbsp; Propietario del hotel &nbsp; Judith Thies-Pfleiderer DE289502451 HRA 31107 &nbsp; Responsable de la concepci\u00f3n, dise\u00f1o y programaci\u00f3n de la web: &nbsp; Newroom Media GmbH &nbsp; Aviso legal: &nbsp; Das Casa Colonia e.K. [&hellip;]<\/p>\n","protected":false},"author":2,"featured_media":0,"parent":0,"menu_order":0,"comment_status":"closed","ping_status":"closed","template":"","meta":{"footnotes":""},"class_list":["post-3692","page","type-page","status-publish","hentry"],"aioseo_notices":[],"amp_enabled":true,"_links":{"self":[{"href":"https:\/\/www.casa-colonia.de\/es\/wp-json\/wp\/v2\/pages\/3692","targetHints":{"allow":["GET"]}}],"collection":[{"href":"https:\/\/www.casa-colonia.de\/es\/wp-json\/wp\/v2\/pages"}],"about":[{"href":"https:\/\/www.casa-colonia.de\/es\/wp-json\/wp\/v2\/types\/page"}],"author":[{"embeddable":true,"href":"https:\/\/www.casa-colonia.de\/es\/wp-json\/wp\/v2\/users\/2"}],"replies":[{"embeddable":true,"href":"https:\/\/www.casa-colonia.de\/es\/wp-json\/wp\/v2\/comments?post=3692"}],"version-history":[{"count":5,"href":"https:\/\/www.casa-colonia.de\/es\/wp-json\/wp\/v2\/pages\/3692\/revisions"}],"predecessor-version":[{"id":4742,"href":"https:\/\/www.casa-colonia.de\/es\/wp-json\/wp\/v2\/pages\/3692\/revisions\/4742"}],"wp:attachment":[{"href":"https:\/\/www.casa-colonia.de\/es\/wp-json\/wp\/v2\/media?parent=3692"}],"curies":[{"name":"wp","href":"https:\/\/api.w.org\/{rel}","templated":true}]}}