{"id":3702,"date":"2022-10-14T07:59:45","date_gmt":"2022-10-14T07:59:45","guid":{"rendered":"https:\/\/casa-colonia.de\/condiciones-generales\/"},"modified":"2022-10-20T08:45:42","modified_gmt":"2022-10-20T08:45:42","slug":"condiciones-generales","status":"publish","type":"page","link":"https:\/\/www.casa-colonia.de\/es\/condiciones-generales\/","title":{"rendered":"Condiciones generales"},"content":{"rendered":"<div class=\"wpb-content-wrapper\"><p>[vc_row][vc_column][vc_column_text]<strong>Im Folgenden ist eine datenschutzrechtliche Einwilligungserkl\u00e4rung enthalten.<\/strong><\/p>\n<p>&nbsp;<\/p>\n<p>Die durch die Nutzung unserer Webseite, unseres Kontaktformulars oder der Buchung eines Zimmers \u00fcbermittelten personenbezogenen Daten, insbesondere Name, Anschrift, Telefonnummer, Bankdaten, die allein zum Zwecke der Durchf\u00fchrung des entstehenden Vertragsverh\u00e4ltnisses notwendig und erforderlich sind, werden auf Grundlage gesetzlicher Berechtigungen erhoben. Mit der Nutzung unserer Webseite, unseres Kontaktformulars oder der Buchung eines Zimmers stimmen Sie der Erhebung und der Verarbeitung Ihrer Daten zu (<a href=\"https:\/\/casa-colonia.de\/datenschutz\/\">Datenschutzerkl\u00e4rung<\/a>).<\/p>\n<p>Rechte des Betroffenen: Auskunft, Berichtigung, L\u00f6schung und Sperrung, Widerspruchsrecht<\/p>\n<p>Sie sind gem\u00e4\u00df \u00a7 34 BDSG jederzeit berechtigt um umfangreiche Auskunftserteilung zu den zu Ihrer Person gespeicherten Daten zu ersuchen. Gem\u00e4\u00df \u00a7 35 BDSG k\u00f6nnen Sie jederzeit die Berichtigung, L\u00f6schung und Sperrung einzelner personenbezogener Daten verlangen. Sie k\u00f6nnen dar\u00fcber hinaus jederzeit ohne Angabe von Gr\u00fcnden von Ihrem Widerspruchsrecht Gebrauch machen und die erteilte Einwilligungserkl\u00e4rung mit Wirkung f\u00fcr die Zukunft ab\u00e4ndern oder g\u00e4nzlich widerrufen. Sie k\u00f6nnen den Widerruf entweder postalisch, per E-Mail oder per Fax an den Vertragspartner \u00fcbermitteln.<\/p>\n<p>&nbsp;<\/p>\n<h3>Allgemeine Gesch\u00e4ftsbedingungen zur mietweisen \u00dcberlassung von Hotelzimmern<\/h3>\n<p>&nbsp;<\/p>\n<p>&nbsp;<\/p>\n<h5 class=\"st-h1\">I. Geltungsbereich<\/h5>\n<ol>\n<li>Das Hotel Casa Colonia (nachfolgend nur \u201eHotel\u201c genannt) \u00fcberl\u00e4sst Kunden nach entsprechendem Vertragsschluss mietweise Hotelzimmer zur Beherbergung nebst weiterer Lieferungen und Leistungen. F\u00fcr alle hier\u00fcber von dem Hotel mit dem Kunden abgeschlossenen Vertr\u00e4ge gelten die nachstehenden allgemeinen Gesch\u00e4ftsbedingungen.<\/li>\n<li>Hiervon abweichende Regelungen in allgemeinen Gesch\u00e4ftsbedingungen des Kunden sowie \u00c4nderungen, Streichungen und Erg\u00e4nzungen dieser allgemeinen Gesch\u00e4ftsbedingungen durch den Kunden gelten nicht, es sei denn, sie werden vom Hotel ausdr\u00fccklich schriftlich anerkannt. Gegenbest\u00e4tigungen des Kunden unter Hinweis auf eigene Gesch\u00e4ftsbedingungen wird hiermit ausdr\u00fccklich widersprochen.<\/li>\n<\/ol>\n<h5><\/h5>\n<p>&nbsp;<\/p>\n<h5 class=\"st-h1\">II. Vertragsabschluss, Vertragsparteien<\/h5>\n<ol>\n<li>Der Hotelaufnahmevertrag kommt zustande, indem das Hotel die Buchungsanfrage des Kunden in Textform (z.B. Brief, Fax oder E-Mail) best\u00e4tigt (Buchungsbest\u00e4tigung).<\/li>\n<li>Vertragspartner des Hotels und damit Mieter der vom Hotel mietweise \u00fcberlassenen Hotelzimmer ist der in der Buchungsbest\u00e4tigung entsprechend der Buchungsanfrage benannte Kunde.<\/li>\n<li>Hat ein Dritter Hotelzimmer f\u00fcr den in der Buchungsbest\u00e4tigung benannten Kunden bestellt,z.B. bei Gesch\u00e4ftsreisen der Arbeitgeber f\u00fcr den Arbeitnehmer, haftet der Dritte dem Hotel gegen\u00fcber zusammen mit dem Kunden als Gesamtschuldner f\u00fcr alle Verpflichtungen aus dem Hotelaufnahmevertrag, sofern dem Hotel eine entsprechende Erkl\u00e4rung des Dritten vorliegt.<\/li>\n<li>Die Unter- oder Weitervermietung der \u00fcberlassenen Zimmer sowie deren Nutzung zu anderen als zu Beherbergungszwecken bed\u00fcrfen der vorherigen schriftlichen Zustimmung seitens des Hotels.<\/li>\n<\/ol>\n<h5><\/h5>\n<p>&nbsp;<\/p>\n<h5 class=\"st-h1\">III. Leistungspflichten, Preise, Rechnung, Verzug, Aufrechnung<\/h5>\n<ol>\n<li>Das Hotel ist verpflichtet, die vom Kunden gebuchten Hotelzimmer gem\u00e4\u00df Buchungsbest\u00e4tigung bereitzuhalten und die insoweit vereinbarten weiteren Leistungen zu erbringen.<\/li>\n<li>Der Kunde ist verpflichtet, die f\u00fcr die Zimmer\u00fcberlassung vereinbarten Preise sowie die f\u00fcr die von ihm etwaig in Anspruch genommenen weiteren Leistungen geltenden Preise zu zahlen. Dies gilt auch f\u00fcr vom Kunden veranlasste Leistungen und Auslagen des Hotels an Dritte. Die vereinbarten Preise beinhalten die jeweils geltende gesetzliche Mehrwertsteuer.<\/li>\n<li>Das Hotel ist berechtigt, vom Kunden eine Vorauszahlung in H\u00f6he von bis zu 100 % des in der Buchungsbest\u00e4tigung ausgewiesenen Gesamtpreises zu verlangen. Die Vorkasse ist ohne Abz\u00fcge zahlbar innerhalb von 10 Tagen ab Rechnungszugang.<\/li>\n<li>Im \u00dcbrigen erteilt das Hotel dem Kunden am Abreisetag Rechnung \u00fcber die in Erf\u00fcllung des Hotelaufnahmevertrags erbrachten Leistungen. Der darin ausgewiesene Rechnungsbetrag ist f\u00e4llig mit Rechnungsstellung und zahlbar innerhalb von 10 Tagen ab Rechnungszugang.<\/li>\n<li>Bei nicht fristgerechtem Zahlungseingang ger\u00e4t der Kunde auch ohne weitere Mahnung in Verzug. Vom Kunden, der kein Verbraucher im Sinne des \u00a7 13 BGB ist, k\u00f6nnen insoweit Verzugszinsen in H\u00f6he von 8 Prozentpunkten \u00fcber dem Basiszinssatz verlangt werden. Im \u00dcbrigen liegen die Verzugszinsen bei 5 Prozentpunkten \u00fcber Basiszinssatz. Dem Kunden bleibt der Nachweis eines niedrigeren, dem Hotel der Nachweis eines h\u00f6heren Verzugsschadens vorbehalten.<\/li>\n<li>Der Kunde kann gegen\u00fcber Forderungen des Hotels nur mit solchen Gegenforderungen aufrechnen, die unstreitig oder rechtskr\u00e4ftig festgestellt sind.<\/li>\n<\/ol>\n<p>&nbsp;<\/p>\n<p>&nbsp;<\/p>\n<h5 class=\"st-h1\">IV. Stornierung des Kunden<\/h5>\n<ol>\n<li>Ein R\u00fccktritt des Kunden von dem mit dem Hotel geschlossenen Vertrag ist nur m\u00f6glich, wenn ein R\u00fccktrittsrecht im Vertrag ausdr\u00fccklich vereinbart wurde, ein sonstiges gesetzliches R\u00fccktrittsrecht besteht oder wenn das Hotel der Vertragsaufhebung ausdr\u00fccklich zustimmt. Die Vereinbarung eines R\u00fccktrittsrechtes sowie die etwaige Zustimmung zu einer Vertragsaufhebung sollen jeweils in Textform erfolgen.<\/li>\n<li>Sofern zwischen dem Hotel und dem Kunden ein Termin zum kostenfreien R\u00fccktritt vom Vertrag vereinbart wurde, kann der Kunde bis dahin vom Vertrag zur\u00fccktreten, ohne Zahlungs- oder Schadensersatzanspr\u00fcche des Hotels auszul\u00f6sen. Das R\u00fccktrittsrecht des Kunden erlischt, wenn er nicht bis zum vereinbarten Termin sein Recht zum R\u00fccktritt gegen\u00fcber dem Hotel aus\u00fcbt.<\/li>\n<li>Ist ein R\u00fccktrittsrecht nicht vereinbart oder bereits erloschen, besteht auch kein gesetzliches R\u00fccktritts- oder K\u00fcndigungsrecht und stimmt das Hotel einer Vertragsaufhebung nicht zu, beh\u00e4lt das Hotel den Anspruch auf die vereinbarte Verg\u00fctung trotz Nichtinanspruchnahme der Leistung. Das Hotel hat die Einnahmen aus anderweitiger Vermietung der Zimmer sowie die ersparten Aufwendungen anzurechnen. Werden die Zimmer nicht anderweitig vermietet, so kann das Hotel den Abzug f\u00fcr ersparte Aufwendungen pauschalieren. Der Kunde ist in diesem Fall verpflichtet, mindestens 90% des vertraglich vereinbarten Preises f\u00fcr \u00dcbernachtung mit oder ohne Fr\u00fchst\u00fcck zu zahlen.<\/li>\n<\/ol>\n<p>&nbsp;<\/p>\n<p>&nbsp;<\/p>\n<h5 class=\"st-h1\">V. R\u00fccktritt des Hotels<\/h5>\n<ol>\n<li>Wurde zugunsten des Kunden ein kostenfreies R\u00fccktrittsrecht schriftlich vereinbart, ist das Hotel innerhalb der f\u00fcr die Aus\u00fcbung des R\u00fccktrittsrechts vereinbarten Frist seinerseits berechtigt, vom Hotelaufnahmevertrag zur\u00fcckzutreten, soweit dem Hotel Anfragen Dritter nach den vom Kunden gebuchten Zimmern vorliegen und der Kunde auf R\u00fcckfrage des Hotels auf sein vertraglich vereinbartes Recht zur Stornierung nicht verzichtet. Soweit das Hotel von dem ihm danach zustehenden R\u00fccktrittsrecht durch entsprechende Erkl\u00e4rung Gebrauch macht, werden die Parteien leistungsfrei.<\/li>\n<li>Leistet der Kunde eine ihm nach Ziffer III.3. in Rechnung gestellte Vorauszahlung trotz einer ihm hierzu mit Ablehnungsandrohung gesetzten Nachfrist nicht, ist das Hotel mit fruchtlosem Ablauf der Nachfrist berechtigt, vom Vertrag zur\u00fcckzutreten. Der Kunde bleibt in diesem Fall zur Zahlung des vertraglich vereinbarten Preises verpflichtet. Das Hotel hat hierbei die Einnahmen aus anderweitiger Vermietung der Zimmer sowie die ersparten Aufwendungen auf den vereinbarten Preis anzurechnen. Hinsichtlich der H\u00f6he der ersparten Aufwendungen gilt Ziffer IV.3..<\/li>\n<li>Ferner ist das Hotel berechtigt, noch vor dem Anreisetag vom Hotelaufnahmevertrag aus wichtigem Grund zur\u00fcckzutreten, so z.B. wenn h\u00f6here Gewalt die Erf\u00fcllung des Vertrags unm\u00f6glich macht, sich Angaben des Kunden zu seiner Person als falsch erweisen oder aber das Hotel begr\u00fcndeten Anlass zu der Annahme hat, dass die Inanspruchnahme der Hotelleistung durch den Kunden den reibungslosen Gesch\u00e4ftsbetrieb, die Sicherheit oder das Ansehen des Hotels in der \u00d6ffentlichkeit gef\u00e4hrden kann. Der R\u00fccktritt muss dem Kunden vom Hotel in Schriftform erkl\u00e4rt werden. Die Parteien werden nach erkl\u00e4rtem R\u00fccktritt leistungsfrei.<\/li>\n<\/ol>\n<h5><\/h5>\n<p>&nbsp;<\/p>\n<h5 class=\"st-h1\">VI.R\u00fccktritt des Kunden (Abbestellung, Stornierung) \/ Nichtinanspruchname der Leistungen des Hotels (No Show) bei Gruppenbuchungen (ab 10 Zimmer)<\/h5>\n<ol>\n<li>Ein R\u00fccktritt des Kunden von dem mit dem Hotel geschlossenen Vertrag bedarf der schriftlichen Zustimmung des Hotels. Erfolgt diese nicht, so ist der vereinbarte Preis aus dem Vertrag auch dann zu zahlen, wenn der Kunde vertragliche Leistungen nicht in Anspruch nimmt. Dies gilt nicht bei Verletzung der Verpflichtung des Hotels zur R\u00fccksichtnahme auf Rechte, Rechtsg\u00fcter und Interessen des Kunden, wenn diesem dadurch ein Festhalten am Vertrag nicht mehr zuzumuten ist, oder ein sonstiges gesetzliches oder vertragliches R\u00fccktrittsrecht zusteht.<\/li>\n<li>Sofern zwischen dem Hotel und dem Kunden ein Termin zum kostenfreien R\u00fccktritt vom Vertrag schriftlich vereinbart wurde, kann der Kunde bis dahin vom Vertrag zur\u00fccktreten, ohne Zahlung oder Schadensersatzanspr\u00fcche des Hotels auszul\u00f6sen. Das R\u00fccktrittsrecht des Kunden erlischt, wenn er nicht bis zum vereinbarten Termin sein Recht zum R\u00fccktritt schriftlich gegen\u00fcber dem Hotel aus\u00fcbt.<\/li>\n<li>Werden die Zimmer nicht anderweitig vermietet, so kann das Hotel folgende vertraglich vereinbarte Verg\u00fctung verlangen:<br \/>\nStorno bis 61 Tage vor Anreise 20% des vereinbarten Preises<br \/>\nStorno bis 31 Tage vor Anreise 30% des vereinbarten Preises<br \/>\nStorno bis 21 Tage vor Anreise 50% des vereinbarten Preises<br \/>\nStorno bis 14 Tage vor Anreise 75% des vereinbarten Preises<br \/>\nStorno weniger als 14 Tage vor Anreise,<br \/>\nNichtanreise oder vorzeitige Abreise 90% des vereinbarten Preises<\/li>\n<\/ol>\n<h5><\/h5>\n<p>&nbsp;<\/p>\n<h5>VII. Kulturf\u00f6rderabgabe der Stadt K\u00f6ln<\/h5>\n<ol>\n<li>Seit dem 01.12.2014 erhebt die Stadt K\u00f6ln f\u00fcr alle Reisenden eine Kulturf\u00f6rderabgabe in H\u00f6he von 5% auf den Brutto\u00fcbernachtungspreis. Sollte Ihr Aufenthalt gesch\u00e4ftlich sein, so ben\u00f6tigen wir bei Anreise alle erforderlichen Unterlagen- wir haben Ihnen die Formulare zum Download auf unserer Website zur Verf\u00fcgung gestellt. Bei nicht Vorlage sind wir zur Rechnungsstellung der Abgabe gezwungen. Gesch\u00e4ftsreisende haben jedoch die M\u00f6glichkeit unter Vorlage des nachtr\u00e4glich ausgef\u00fcllten Formulars die Kulturf\u00f6rderabgabe \u00fcber einen Erstattungsantrag innerhalb eines Monats nach Rechnungslegung von der Stadt K\u00f6ln zur\u00fcckzufordern.<\/li>\n<\/ol>\n<h5><\/h5>\n<p>&nbsp;<\/p>\n<h5 class=\"st-h1\">VIII. Bereitstellung, \u00dcbergabe und R\u00fcckgabe der gebuchten Hotelzimmer<\/h5>\n<ol>\n<li>Soweit schriftlich von den Parteien nicht anders vereinbart, hat der Kunde keinen Anspruch auf Bereitstellung bestimmter Hotelzimmer.<\/li>\n<li>Die gebuchten Zimmer stehen dem Kunden am Anreisetag ab 15:00 Uhr zur Verf\u00fcgung. Auf eine fr\u00fchere Bereitstellung der gebuchten Zimmer hat der Kunde keinen Anspruch.<\/li>\n<li>Die gebuchten Zimmer sind vom Kunden am Abreisetag bis sp\u00e4testens 12:00 Uhr vollst\u00e4ndig ger\u00e4umt zu verlassen. Erfolgt die R\u00e4umung der gebuchten Zimmer versp\u00e4tet, ist das Hotel berechtigt, dem Kunden hierf\u00fcr eine zus\u00e4tzliche Nutzungsentsch\u00e4digung zu berechnen. Die Nutzungsentsch\u00e4digung bel\u00e4uft sich auf 50 % des regul\u00e4ren \u00dcbernachtungspreises, wenn das Zimmer am Abreisetag vom Kunden bis sp\u00e4testens 18:00 Uhr \u00fcbergeben wird. Erfolgt die \u00dcbergabe des Zimmers nach 18:00 Uhr, betr\u00e4gt die Nutzungsentsch\u00e4digung 100 % des regul\u00e4ren \u00dcbernachtungspreises. Dem Kunden steht der Nachweis eines geringeren Schadens frei.<\/li>\n<\/ol>\n<h5><\/h5>\n<p>&nbsp;<\/p>\n<h5 class=\"st-h1\">IX. Pflichten und Haftung des Mieters<\/h5>\n<ol>\n<li>F\u00fcr von ihm zu verantwortende Sch\u00e4den an R\u00e4umlichkeiten, Mobiliar und sonstigem Inventar des Hotels haftet der Kunde nach den gesetzlichen Bestimmungen. Bei Verschmutzungen des Hotelzimmers durch den Kunden, die deutlich \u00fcber die \u00fcblichen Gebrauchsspuren bei Nutzung eines Hotelzimmers zum vertraglich vorgesehenen Zweck hinausgehen, ist das Hotel berechtigt, dem Kunden die f\u00fcr deren Beseitigung zus\u00e4tzlich anfallenden Reinigungskosten in H\u00f6he von 150 EUR in Rechnung zu stellen. Dem Kunden steht der Nachweis eines geringeren, dem Hotel der eines h\u00f6heren Schadens frei.<\/li>\n<li>Der dem Kunden am Anreisetag \u00fcberlassene Hotelschl\u00fcssel ist dem Hotel vom Kunden am Abreisetag bis sp\u00e4testens 12:00 Uhr wieder zur\u00fcckzugeben. Ein Verlust des Schl\u00fcssels ist dem Hotel unverz\u00fcglich anzuzeigen. Bei ausbleibender oder nicht rechtzeitiger R\u00fcckgabe des Schl\u00fcssels ist das Hotel berechtigt, dem Kunden die Kosten f\u00fcr den hierdurch erforderlich werdenden Austausch der Hotelschlie\u00dfanlage in Rechnung zu stellen. Das Hotel weist den Kunden bereits jetzt darauf hin, dass sich die Kosten hierf\u00fcr auf zumindest 700 EUR belaufen. Dem Kunden steht der Nachweis eines geringeren, dem Hotel der eines h\u00f6heren Schadens frei.<\/li>\n<li>Das Rauchen ist in s\u00e4mtlichen R\u00e4umlichkeiten des Hotels verboten. Setzt sich der Kunde \u00fcber dieses Rauchverbot insbesondere in dem von ihm gebuchten Hotelzimmer hinweg, ist das Hotel berechtigt, dem Kunden hierf\u00fcr eine Nutzungsentsch\u00e4digung in H\u00f6he von 100 % des regul\u00e4ren Zimmerpreises f\u00fcr eine zus\u00e4tzliche \u00dcbernachtung in Rechnung zu stellen. Dem Kunden steht der Nachweis eines geringeren, dem Hotel der eines h\u00f6heren Schadens frei.<\/li>\n<\/ol>\n<p>&nbsp;<\/p>\n<p>&nbsp;<\/p>\n<h5 class=\"st-h1\">X. Haftung des Vermieters<\/h5>\n<ol>\n<li>Das Hotel haftet nach den gesetzlichen Bestimmungen in F\u00e4llen des Vorsatzes oder der groben Fahrl\u00e4ssigkeit sowie f\u00fcr Vorsatz und grobe Fahrl\u00e4ssigkeit von Vertretern oder Erf\u00fcllungsgehilfen des Hotels. Im \u00dcbrigen haftet das Hotel nur wegen der Verletzung des Lebens, des K\u00f6rpers oder der Gesundheit, wegen der schuldhaften Verletzung wesentlicher Vertragspflichten oder soweit das Hotel einen Mangel arglistig verschwiegen oder eine Beschaffenheitsgarantie \u00fcbernommen hat. Der Schadensersatzanspruch f\u00fcr die Verletzung wesentlicher Vertragspflichten ist jedoch auf den vertragstypischen vorhersehbaren Schaden begrenzt, soweit nicht zugleich ein weiterer Fall zwingender Haftung nach S. 1 oder 2 gegeben ist.<\/li>\n<li>Die Regelungen des vorstehenden Abs. 1 gelten f\u00fcr alle Schadensersatzanspr\u00fcche und zwar gleich aus welchem Rechtsgrund, insbesondere wegen M\u00e4ngeln, der Verletzung von Pflichten aus dem Schuldverh\u00e4ltnis oder aus unerlaubter Handlung. Sie gelten auch f\u00fcr den Anspruch auf Ersatz vergeblicher Aufwendungen.<\/li>\n<li>Das Hotel haftet nicht f\u00fcr den Verlust von Sachen, die bei der R\u00fcckgabe der Hotelzimmer am Abreisetag vom Kunden im Hotel zur\u00fcckgelassen wurden.<\/li>\n<\/ol>\n<h5><\/h5>\n<p>&nbsp;<\/p>\n<h5 class=\"st-h1\">XI. Gew\u00e4hrleistung<\/h5>\n<ol>\n<li>Das Hotel gew\u00e4hrleistet, dass die vertragsgegenst\u00e4ndlichen Zimmer bei \u00dcbergabe frei von M\u00e4ngeln sind, die die Tauglichkeit des Zimmers zum vertragsgem\u00e4\u00dfen Gebrauch aufheben. Etwaige M\u00e4ngel wird der Kunde dem Hotel unverz\u00fcglich anzeigen.<\/li>\n<li>Schadensersatzanspr\u00fcche des Mieters wegen etwaiger M\u00e4ngel richten sich ausschlie\u00dflich nach den besonderen Bestimmungen der Ziffer VIII.<\/li>\n<\/ol>\n<h5><\/h5>\n<p>&nbsp;<\/p>\n<h5 class=\"st-h1\">XII. Datenschutz<\/h5>\n<ol>\n<li>Alle personenbezogenen Daten des Kunden, die dem Hotel im Rahmen der Gesch\u00e4ftsbeziehung bekannt werden, behandelt das Hotel streng vertraulich. Das Hotel erhebt, speichert, verarbeitet und nutzt diese Daten nur, soweit dies f\u00fcr die ordnungsgem\u00e4\u00dfe Abwicklung des Hotelaufnahmevertrags erforderlich ist. Hierbei wird das Hotel alle datenschutzrechtlichen Erfordernisse, insbesondere die Vorgaben des Teledienstedatenschutzgesetzes (TDDG), beachten.<\/li>\n<li>Eine Weitergabe der personenbezogenen Daten an Dritte darf nach den gesetzlichen Bestimmungen nur dann erfolgen, soweit dies zur Wahrung der berechtigten Interessen des Hotels oder der Allgemeinheit erforderlich ist und dadurch schutzw\u00fcrdige Belange des Kunden nicht beeintr\u00e4chtigt werden. Dies ist insbesondere dann der Fall, wenn die vom Kunden bei Vertragsschluss gemachten Angaben unrichtig sind, Rechnungen nicht bezahlt werden oder Hotelinventar oder Mobiliar vom Kunden gestohlen oder besch\u00e4digt wurde.<\/li>\n<\/ol>\n<h5><\/h5>\n<p>&nbsp;<\/p>\n<h5 class=\"st-h1\">XIII. Rechtswahl, Gerichtsstand<\/h5>\n<ol>\n<li>Die Rechtsbeziehungen der Vertragsparteien unterliegen dem Recht der Bundesrepublik Deutschland unter Ausschluss des UN-Kaufrechts.<\/li>\n<li>Ist der Kunde Kaufmann, juristische Person des \u00f6ffentlichen Rechts oder \u00f6ffentlich-rechtliches Sonderverm\u00f6gen, so ist K\u00f6ln alleiniger Gerichtsstand f\u00fcr alle sich aus dem Vertragsverh\u00e4ltnis unmittelbar oder mittelbar ergebenden Streitigkeiten.<\/li>\n<\/ol>\n<h5><\/h5>\n<p>&nbsp;<\/p>\n<h5 class=\"st-h1\">XIV. Salvatorische Klausel, Schriftformerfordernis<\/h5>\n<ol>\n<li>M\u00fcndliche Nebenabreden zu diesem Vertrag sind nicht getroffen. \u00c4nderungen oder Erg\u00e4nzungen dieses Vertrags bed\u00fcrfen zu ihrer Wirksamkeit der Schriftform. Dies gilt auch f\u00fcr den Verzicht auf das Schriftformerfordernis.<\/li>\n<li>Sollte eine Bestimmung dieser AGB ganz oder teilweise unwirksam sein oder werden, wird hierdurch die Wirksamkeit der \u00fcbrigen Bestimmungen nicht ber\u00fchrt. Die Vertragsparteien werden die nichtige Bestimmung durch eine wirksame ersetzen, die dem Willen der Vertragsparteien wirtschaftlich am n\u00e4chsten kommt.<\/li>\n<\/ol>\n<p>[\/vc_column_text][\/vc_column][\/vc_row]<\/p>\n<\/div>","protected":false},"excerpt":{"rendered":"<p>[vc_row][vc_column][vc_column_text]Im Folgenden ist eine datenschutzrechtliche Einwilligungserkl\u00e4rung enthalten. &nbsp; Die durch die Nutzung unserer Webseite, unseres Kontaktformulars oder der Buchung eines Zimmers \u00fcbermittelten personenbezogenen Daten, insbesondere Name, Anschrift, Telefonnummer, Bankdaten, die allein zum Zwecke der Durchf\u00fchrung des entstehenden Vertragsverh\u00e4ltnisses notwendig und erforderlich sind, werden auf Grundlage gesetzlicher Berechtigungen erhoben. Mit der Nutzung unserer Webseite, unseres Kontaktformulars [&hellip;]<\/p>\n","protected":false},"author":2,"featured_media":0,"parent":0,"menu_order":0,"comment_status":"closed","ping_status":"closed","template":"","meta":{"footnotes":""},"class_list":["post-3702","page","type-page","status-publish","hentry"],"aioseo_notices":[],"amp_enabled":true,"_links":{"self":[{"href":"https:\/\/www.casa-colonia.de\/es\/wp-json\/wp\/v2\/pages\/3702","targetHints":{"allow":["GET"]}}],"collection":[{"href":"https:\/\/www.casa-colonia.de\/es\/wp-json\/wp\/v2\/pages"}],"about":[{"href":"https:\/\/www.casa-colonia.de\/es\/wp-json\/wp\/v2\/types\/page"}],"author":[{"embeddable":true,"href":"https:\/\/www.casa-colonia.de\/es\/wp-json\/wp\/v2\/users\/2"}],"replies":[{"embeddable":true,"href":"https:\/\/www.casa-colonia.de\/es\/wp-json\/wp\/v2\/comments?post=3702"}],"version-history":[{"count":6,"href":"https:\/\/www.casa-colonia.de\/es\/wp-json\/wp\/v2\/pages\/3702\/revisions"}],"predecessor-version":[{"id":4597,"href":"https:\/\/www.casa-colonia.de\/es\/wp-json\/wp\/v2\/pages\/3702\/revisions\/4597"}],"wp:attachment":[{"href":"https:\/\/www.casa-colonia.de\/es\/wp-json\/wp\/v2\/media?parent=3702"}],"curies":[{"name":"wp","href":"https:\/\/api.w.org\/{rel}","templated":true}]}}