{"id":6225,"date":"2022-11-14T08:12:42","date_gmt":"2022-11-14T08:12:42","guid":{"rendered":"https:\/\/casa-colonia.de\/acerquese\/"},"modified":"2022-11-14T08:12:43","modified_gmt":"2022-11-14T08:12:43","slug":"acerquese","status":"publish","type":"page","link":"https:\/\/www.casa-colonia.de\/es\/acerquese\/","title":{"rendered":"Ac\u00e9rquese"},"content":{"rendered":"<div class=\"wpb-content-wrapper\"><p>[vc_row css=\u00bb.vc_custom_1667387393509{margin-bottom: 50px !important;}\u00bb][vc_column width=\u00bb1\/2&#8243;][vc_column_text]<\/p>\n<h2 style=\"font-family: 'Montserrat'; font-weight: 500; line-height: 42px;\">Hotel de la Estaci\u00f3n<\/h2>\n<ul style=\"list-style: none; padding-left: 0; color: #313131; font-size: 14px; line-height: 24px; font-family: 'Montserrat';\">\n<li style=\"margin-bottom: 20px;\">Salga de la estaci\u00f3n central en direcci\u00f3n a Bahnhofsvorplatz\/Breslauerplatz. Lo mejor es utilizar la salida entre la farmacia y la sucursal de McDonald&#8217;s.<\/li>\n<li style=\"margin-bottom: 20px;\">Siga recto por all\u00ed y en la rotonda contin\u00fae recto por la calle Johannisstra\u00dfe.<\/li>\n<li style=\"margin-bottom: 20px;\">Siga esto hasta cruzar la Machab\u00e4erstrasse al final. El hotel est\u00e1 situado directamente en el cruce de Machab\u00e4erstra\u00dfe\/Johannisstra\u00dfe.<\/li>\n<\/ul>\n<p>[\/vc_column_text][\/vc_column][vc_column width=\u00bb1\/2&#8243;][vc_gmaps link=\u00bb#E-8_JTNDaWZyYW1lJTIwc3JjJTNEJTIyaHR0cHMlM0ElMkYlMkZ3d3cuZ29vZ2xlLmNvbSUyRm1hcHMlMkZlbWJlZCUzRnBiJTNEJTIxMW0xOCUyMTFtMTIlMjExbTMlMjExZDI1MTMuNzkyOTM3NDQ1MTEzMiUyMTJkNi45NTk0MDIyMTU5Mzk1NDYlMjEzZDUwLjk0NjA0MjI3OTU0Njg1JTIxMm0zJTIxMWYwJTIxMmYwJTIxM2YwJTIxM20yJTIxMWkxMDI0JTIxMmk3NjglMjE0ZjEzLjElMjEzbTMlMjExbTIlMjExczB4NDdiZjI1YmI3ZDdkZmM0OSUyNTNBMHg1YjAzNGFhNTczOTZmMDQ4JTIxMnNIb3RlbCUyNTIwQ2FzYSUyNTIwQ29sb25pYSUyMTVlMCUyMTNtMiUyMTFzZGUlMjEyc2x2JTIxNHYxNjI0MjYzNzQ0NjI2JTIxNW0yJTIxMXNkZSUyMTJzbHYlMjIlMjB3aWR0aCUzRCUyMjYwMCUyMiUyMGhlaWdodCUzRCUyMjQ1MCUyMiUyMHN0eWxlJTNEJTIyYm9yZGVyJTNBMCUzQiUyMiUyMGFsbG93ZnVsbHNjcmVlbiUzRCUyMiUyMiUyMGxvYWRpbmclM0QlMjJsYXp5JTIyJTNFJTNDJTJGaWZyYW1lJTNF\u00bb][\/vc_column][\/vc_row][vc_row][vc_column width=\u00bb1\/2&#8243;][vc_column_text]<\/p>\n<h2 style=\"font-family: 'Montserrat'; font-weight: 500; line-height: 42px;\">Por la A3<\/h2>\n<ul style=\"list-style: none; padding-left: 0; color: #313131; font-size: 14px; line-height: 24px; font-family: 'Montserrat';\">\n<li style=\"margin-bottom: 20px;\">Salga de la A3 en el cruce de la autopista K\u00f6ln Ost en direcci\u00f3n a Zentrum (centro de la ciudad) y tome la B55a.<\/li>\n<li style=\"margin-bottom: 20px;\">Permanezca en la B55a hasta que haya cruzado el puente Zoobr\u00fccke. Al final del puente, deje la B55a en direcci\u00f3n al centro de la ciudad y tome la Niederl\u00e4nder Ufer (B51).<\/li>\n<li style=\"margin-bottom: 20px;\">Siga la carretera a lo largo del Rin durante aproximadamente 1,8 km y gire a la derecha en la Goldgasse.<\/li>\n<li style=\"margin-bottom: 20px;\">Contin\u00fae hasta llegar a la rotonda. Salga de la rotonda por la primera salida hacia la calle Johannisstra\u00dfe.<\/li>\n<li style=\"margin-bottom: 20px;\">Siga recto, pasando por el Hotel Marriott. Al final de la Johannisstra\u00dfe llegar\u00e1 directamente a la Machab\u00e4erstra\u00dfe y a la Casa Colonia.<\/li>\n<\/ul>\n<p>[\/vc_column_text][\/vc_column][vc_column width=\u00bb1\/2&#8243;][vc_column_text]<\/p>\n<h2 style=\"font-family: 'Montserrat'; font-weight: 500; line-height: 42px;\">Por la A57<\/h2>\n<ul style=\"list-style: none; padding-left: 0; color: #313131; font-size: 14px; line-height: 24px; font-family: 'Montserrat';\">\n<li style=\"margin-bottom: 20px;\">Salga de la A57 en el cruce (30) Ehrenfeld en direcci\u00f3n a Zentrum.<\/li>\n<li style=\"margin-bottom: 20px;\">Siga por la Innere Kanalstra\u00dfe durante 200 metros y gire en U en la Telekomturm.<br \/>\nGire a la derecha en la Subbelratherstra\u00dfe en direcci\u00f3n al Zentrum.<\/li>\n<li style=\"margin-bottom: 20px;\">Pase el metro y siga la carretera a lo largo del Mediapark (izquierda) durante aproximadamente 1,5 km.<\/li>\n<li style=\"margin-bottom: 20px;\">Pase por debajo de otro paso elevado de la v\u00eda f\u00e9rrea y luego gire inmediatamente a la derecha en la Machab\u00e4erstra\u00dfe.<\/li>\n<li style=\"margin-bottom: 20px;\">Despu\u00e9s de unos 200 metros (Machab\u00e4erstra\u00dfe esquina Johannisstra\u00dfe) ha llegado a Casa Colonia.<\/li>\n<\/ul>\n<p>[\/vc_column_text][\/vc_column][\/vc_row][vc_row css=\u00bb.vc_custom_1666960796095{padding-top: 5% !important;padding-right: 10% !important;padding-left: 10% !important;}\u00bb][vc_column][vc_column_text]<\/p>\n<p style=\"text-align: center;\">Si tiene alg\u00fan problema en el camino, por supuesto puede pedirnos indicaciones en cualquier momento. Basta con una llamada: <a href=\"tel:+49221160600\"><strong>0221 160600<\/strong><\/a><\/p>\n<p>[\/vc_column_text][\/vc_column][\/vc_row][vc_row][vc_column][vc_custom_heading text=\u00bbLe deseamos un buen viaje.\u00bb font_container=\u00bbtag:h2|font_size:26px|text_align:center|color:%230a0a0a\u00bb google_fonts=\u00bbfont_family:Lora%3Aregular%2Citalic%2C700%2C700italic|font_style:400%20regular%3A400%3Anormal\u00bb css=\u00bb.vc_custom_1667376885771{padding-top: 50px !important;}\u00bb][\/vc_column][\/vc_row]<\/p>\n<\/div>","protected":false},"excerpt":{"rendered":"<p>[vc_row css=\u00bb.vc_custom_1667387393509{margin-bottom: 50px !important;}\u00bb][vc_column width=\u00bb1\/2&#8243;][vc_column_text] Hotel de la Estaci\u00f3n Salga de la estaci\u00f3n central en direcci\u00f3n a Bahnhofsvorplatz\/Breslauerplatz. Lo mejor es utilizar la salida entre la farmacia y la sucursal de McDonald&#8217;s. Siga recto por all\u00ed y en la rotonda contin\u00fae recto por la calle Johannisstra\u00dfe. Siga esto hasta cruzar la Machab\u00e4erstrasse al final. El [&hellip;]<\/p>\n","protected":false},"author":5,"featured_media":3460,"parent":0,"menu_order":0,"comment_status":"closed","ping_status":"closed","template":"","meta":{"footnotes":""},"class_list":["post-6225","page","type-page","status-publish","has-post-thumbnail","hentry"],"aioseo_notices":[],"amp_enabled":true,"_links":{"self":[{"href":"https:\/\/www.casa-colonia.de\/es\/wp-json\/wp\/v2\/pages\/6225","targetHints":{"allow":["GET"]}}],"collection":[{"href":"https:\/\/www.casa-colonia.de\/es\/wp-json\/wp\/v2\/pages"}],"about":[{"href":"https:\/\/www.casa-colonia.de\/es\/wp-json\/wp\/v2\/types\/page"}],"author":[{"embeddable":true,"href":"https:\/\/www.casa-colonia.de\/es\/wp-json\/wp\/v2\/users\/5"}],"replies":[{"embeddable":true,"href":"https:\/\/www.casa-colonia.de\/es\/wp-json\/wp\/v2\/comments?post=6225"}],"version-history":[{"count":2,"href":"https:\/\/www.casa-colonia.de\/es\/wp-json\/wp\/v2\/pages\/6225\/revisions"}],"predecessor-version":[{"id":6227,"href":"https:\/\/www.casa-colonia.de\/es\/wp-json\/wp\/v2\/pages\/6225\/revisions\/6227"}],"wp:featuredmedia":[{"embeddable":true,"href":"https:\/\/www.casa-colonia.de\/es\/wp-json\/wp\/v2\/media\/3460"}],"wp:attachment":[{"href":"https:\/\/www.casa-colonia.de\/es\/wp-json\/wp\/v2\/media?parent=6225"}],"curies":[{"name":"wp","href":"https:\/\/api.w.org\/{rel}","templated":true}]}}