{"id":6256,"date":"2022-11-14T10:59:07","date_gmt":"2022-11-14T10:59:07","guid":{"rendered":"https:\/\/casa-colonia.de\/horarios-y-servicios\/"},"modified":"2026-01-05T10:46:46","modified_gmt":"2026-01-05T10:46:46","slug":"horarios-y-servicios","status":"publish","type":"page","link":"https:\/\/www.casa-colonia.de\/es\/horarios-y-servicios\/","title":{"rendered":"Horarios y servicios"},"content":{"rendered":"<div class=\"wpb-content-wrapper\"><p>[vc_section content_placement=\u00bbmiddle\u00bb css=\u00bb.vc_custom_1667400781206{background-image: url(https:\/\/casa-colonia.de\/wp-content\/uploads\/2022\/11\/handmadepaper.webp?id=5873) !important;background-position: 0 0 !important;background-repeat: repeat !important;}\u00bb el_class=\u00bbdouble-border-row-section\u00bb][vc_row css=\u00bb.vc_custom_1667484995302{margin-top: 5% !important;margin-right: 5% !important;margin-bottom: 5% !important;margin-left: 5% !important;border-top-width: 8px !important;border-right-width: 8px !important;border-bottom-width: 8px !important;border-left-width: 8px !important;padding-top: 0px !important;padding-right: 5% !important;padding-bottom: 50px !important;padding-left: 5% !important;background-position: 0 0 !important;background-repeat: repeat !important;border-left-color: #701414 !important;border-left-style: double !important;border-right-color: #701414 !important;border-right-style: double !important;border-top-color: #701414 !important;border-top-style: double !important;border-bottom-color: #701414 !important;border-bottom-style: double !important;}\u00bb][vc_column][vc_column_text el_class=\u00bbdouble-border-row-heading\u00bb]<\/p>\n<h2 style=\"text-align: center;\">Horarios de apertura<\/h2>\n<p>[\/vc_column_text][vc_text_separator title=\u00bbRecepci\u00f3n\u00bb color=\u00bbcustom\u00bb border_width=\u00bb2&#8243; accent_color=\u00bb#701414&#8243; el_class=\u00bbtext-mit-trennlinie\u00bb][vc_column_text]<\/p>\n<p style=\"color: #701414; font-size: 15px;\">La recepci\u00f3n est\u00e1 abierta todos los d\u00edas <strong>de 08:00 a 15:00<\/strong> y est\u00e1 a su disposici\u00f3n para el check-in, el check-out y cualquier ayuda que necesite. Nuestra recepci\u00f3n estar\u00e1 encantada de ayudarle en <strong>alem\u00e1n e ingl\u00e9s.<\/strong> Nuestro hotel dispone de un <strong>ascensor de pasajeros<\/strong> que le llevar\u00e1 c\u00f3modamente a su habitaci\u00f3n.<\/p>\n<p>[\/vc_column_text][vc_text_separator title=\u00bbCheck In\u00bb color=\u00bbcustom\u00bb border_width=\u00bb2&#8243; accent_color=\u00bb#701414&#8243; el_class=\u00bbtext-mit-trennlinie\u00bb][vc_column_text]<\/p>\n<p class=\"p1\" style=\"color: #701414; font-size: 15px;\">Su habitaci\u00f3n estar\u00e1 disponible a partir <strong>de las 15:00 horas<\/strong>. Nuestro registro de entrada se realiza exclusivamente de forma digital, de manera totalmente flexible e independiente del horario de recepci\u00f3n. Si llega antes de las 15:00 horas, le daremos la bienvenida personalmente y estaremos a su disposici\u00f3n para cualquier pregunta o sugerencia. Podr\u00e1 acceder c\u00f3modamente al hotel y a su habitaci\u00f3n a trav\u00e9s de su smartphone o tableta.   <\/p>\n<p>[\/vc_column_text][vc_text_separator title=\u00bbCheck Out\u00bb color=\u00bbcustom\u00bb border_width=\u00bb2&#8243; accent_color=\u00bb#701414&#8243; el_class=\u00bbtext-mit-trennlinie\u00bb][vc_column_text]<\/p>\n<p style=\"color: #701414; font-size: 15px; text-align: left;\">Puede hacer el check out y pagar su factura <strong>digitalmente<\/strong> desde la comodidad de su habitaci\u00f3n, igual que lo har\u00eda <strong>en persona<\/strong> en la recepci\u00f3n. Estaremos encantados de atenderle e intercambiar unas palabras amables. Le invitamos a dejar su <strong>equipaje<\/strong> con nosotros despu\u00e9s de su salida. Sin embargo, le pedimos que comprenda que no podemos asumir ninguna responsabilidad por su equipaje despu\u00e9s de su salida y le rogamos que no deposite objetos de valor.<\/p>\n<p>&nbsp;<\/p>\n<p style=\"color: #701414; font-size: 15px; text-align: center;\"><strong>Hasta las 11:00<\/strong> &#8211; gratis<br \/><strong>Hasta las 15:00<\/strong> &#8211; 50% del precio<br \/><strong>Despu\u00e9s de las 15:00<\/strong> &#8211; 100% del precio[\/vc_column_text][vc_text_separator title=\u00bbDesayuno\u00bb color=\u00bbcustom\u00bb border_width=\u00bb2&#8243; accent_color=\u00bb#701414&#8243; el_class=\u00bbtext-mit-trennlinie\u00bb][vc_column_text]<\/p>\n<p style=\"color: #701414; font-size: 15px;\">Comience el d\u00eda fortalecido con nuestro amplio desayuno buffet. A partir de las 7.00 horas podr\u00e1 disfrutar de los manjares en nuestra cafeter\u00eda.<\/p>\n<p style=\"color: #701414; font-size: 15px; text-align: center;\"><strong>De lunes a viernes<\/strong>: de 7:00 a 10:00<\/p>\n<p style=\"color: #701414; font-size: 15px; text-align: center;\"><strong>S\u00e1bados y domingos<\/strong>: de 8:00 a 11:00.<\/p>\n<p style=\"color: #701414; font-size: 15px; padding-top: 10px; text-align: center;\"><strong>Desayuno de feria:<\/strong> 07:00 &#8211; 11:00<\/p>\n<p>&nbsp;<\/p>\n<p style=\"color: #701414; font-size: 15px; padding-top: 10px; text-align: center;\"><strong>Desayuno \u00abpara llevar\u00bb (bolsa para llevar):<\/strong><br \/>Si sale antes de las 7:00, puede pedir un desayuno \u00abpara llevar\u00bb.[\/vc_column_text][\/vc_column][\/vc_row][\/vc_section][vc_row equal_height=\u00bbyes\u00bb css=\u00bb.vc_custom_1667483227040{margin-top: 7% !important;margin-bottom: 7% !important;}\u00bb][vc_column width=\u00bb1\/3&#8243; css=\u00bb.vc_custom_1667483718750{margin-right: 10px !important;margin-left: 10px !important;}\u00bb][vc_text_separator title=\u00bbProhibici\u00f3n de fumar\u00bb color=\u00bbcustom\u00bb border_width=\u00bb2&#8243; el_class=\u00bbtext-mit-trennlinie\u00bb accent_color=\u00bb#701414&#8243;][vc_column_text]<\/p>\n<p style=\"font-size: 15px; color: #701414;\">No est\u00e1 permitido fumar en toda la zona del hotel. Nos reservamos el derecho a imponer una multa de 150,00 euros en caso de incumplimiento.<\/p>\n<p>[\/vc_column_text][vc_single_image image=\u00bb5905&#8243; img_size=\u00bb100&#215;100&#8243; alignment=\u00bbcenter\u00bb][\/vc_column][vc_column width=\u00bb1\/3&#8243; css=\u00bb.vc_custom_1667483733523{margin-right: 10px !important;margin-left: 10px !important;}\u00bb][vc_text_separator title=\u00bbServicio\u00bb color=\u00bbcustom\u00bb border_width=\u00bb2&#8243; el_class=\u00bbtext-mit-trennlinie\u00bb accent_color=\u00bb#701414&#8243;][vc_column_text]<\/p>\n<p style=\"color: #701414; padding-bottom: 10px; font-size: 15px;\">Servicio de alquiler &#8211; es necesario reservar con antelaci\u00f3n.<\/p>\n<ul style=\"margin: 0; padding: 0; padding-left: 15px; color: #701414; font-size: 15px;\">\n<li style=\"margin-bottom: 2px;\">Tabla de planchar<\/li>\n<li>Plancha<\/li>\n<li style=\"margin-bottom: 2px;\">Cuna<\/li>\n<\/ul>\n<p>[\/vc_column_text][\/vc_column][vc_column width=\u00bb1\/3&#8243; css=\u00bb.vc_custom_1667483744336{margin-right: 10px !important;margin-left: 10px !important;}\u00bb][vc_text_separator title=\u00bbSeguridad\u00bb color=\u00bbcustom\u00bb border_width=\u00bb2&#8243; el_class=\u00bbtext-mit-trennlinie\u00bb accent_color=\u00bb#701414&#8243;][vc_column_text]<\/p>\n<ul>\n<li style=\"font-size: 15px; color: #701414; margin-bottom: 10px;\">Caja fuerte del hotel<\/li>\n<li style=\"font-size: 15px; color: #701414; margin-bottom: 10px;\">Sistema de alarma contra incendios y vigilancia 24 horas por la empresa W.I.S<\/li>\n<li style=\"font-size: 15px; color: #701414; margin-bottom: 10px;\">Servicio de emergencia de ascensores 24 horas por la empresa Liftechnik GmbH<\/li>\n<\/ul>\n<p>[\/vc_column_text][\/vc_column][\/vc_row][vc_row css=\u00bb.vc_custom_1667485075104{margin-top: 7% !important;margin-right: 2% !important;margin-bottom: 7% !important;margin-left: 2% !important;border-top-width: 8px !important;border-right-width: 8px !important;border-bottom-width: 8px !important;border-left-width: 8px !important;padding-top: 10px !important;padding-right: 2% !important;padding-bottom: 10px !important;padding-left: 2% !important;border-left-color: #701414 !important;border-left-style: double !important;border-right-color: #701414 !important;border-right-style: double !important;border-top-color: #701414 !important;border-top-style: double !important;border-bottom-color: #701414 !important;border-bottom-style: double !important;border-radius: 30px !important;}\u00bb][vc_column css=\u00bb.vc_custom_1666609180463{padding-right: 5% !important;padding-left: 5% !important;}\u00bb][vc_custom_heading text=\u00bbPago\u00bb font_container=\u00bbtag:h2|font_size:36px|text_align:center|color:%23701414|line_height:42px\u00bb google_fonts=\u00bbfont_family:Montserrat%3Aregular%2C700|font_style:400%20regular%3A400%3Anormal\u00bb css=\u00bb.vc_custom_1667483822283{margin-bottom: 15px !important;}\u00bb][vc_row_inner content_placement=\u00bbtop\u00bb el_class=\u00bbzahlungsarten-section\u00bb][vc_column_inner width=\u00bb1\/6&#8243;][vc_single_image image=\u00bb3457&#8243; img_size=\u00bb128&#215;91&#8243; alignment=\u00bbcenter\u00bb][\/vc_column_inner][vc_column_inner width=\u00bb1\/6&#8243;][vc_single_image image=\u00bb3463&#8243; img_size=\u00bb128&#215;91&#8243; alignment=\u00bbcenter\u00bb][\/vc_column_inner][vc_column_inner width=\u00bb1\/6&#8243;][vc_single_image image=\u00bb3453&#8243; img_size=\u00bb128&#215;91&#8243; alignment=\u00bbcenter\u00bb][\/vc_column_inner][vc_column_inner width=\u00bb1\/6&#8243;][vc_single_image image=\u00bb3611&#8243; img_size=\u00bb128&#215;91&#8243; alignment=\u00bbcenter\u00bb][\/vc_column_inner][vc_column_inner width=\u00bb1\/6&#8243;][vc_single_image image=\u00bb3465&#8243; img_size=\u00bb128&#215;91&#8243; alignment=\u00bbcenter\u00bb][\/vc_column_inner][vc_column_inner width=\u00bb1\/6&#8243;][\/vc_column_inner][\/vc_row_inner][\/vc_column][\/vc_row]<\/p>\n<\/div>","protected":false},"excerpt":{"rendered":"<p>[vc_section content_placement=\u00bbmiddle\u00bb css=\u00bb.vc_custom_1667400781206{background-image: url(https:\/\/casa-colonia.de\/wp-content\/uploads\/2022\/11\/handmadepaper.webp?id=5873) !important;background-position: 0 0 !important;background-repeat: repeat !important;}\u00bb el_class=\u00bbdouble-border-row-section\u00bb][vc_row css=\u00bb.vc_custom_1667484995302{margin-top: 5% !important;margin-right: 5% !important;margin-bottom: 5% !important;margin-left: 5% !important;border-top-width: 8px !important;border-right-width: 8px !important;border-bottom-width: 8px !important;border-left-width: 8px !important;padding-top: 0px !important;padding-right: 5% !important;padding-bottom: 50px !important;padding-left: 5% !important;background-position: 0 0 !important;background-repeat: repeat !important;border-left-color: #701414 !important;border-left-style: double !important;border-right-color: #701414 !important;border-right-style: double !important;border-top-color: #701414 !important;border-top-style: double !important;border-bottom-color: #701414 !important;border-bottom-style: [&hellip;]<\/p>\n","protected":false},"author":5,"featured_media":3427,"parent":0,"menu_order":0,"comment_status":"closed","ping_status":"closed","template":"","meta":{"footnotes":""},"class_list":["post-6256","page","type-page","status-publish","has-post-thumbnail","hentry"],"aioseo_notices":[],"amp_enabled":true,"_links":{"self":[{"href":"https:\/\/www.casa-colonia.de\/es\/wp-json\/wp\/v2\/pages\/6256","targetHints":{"allow":["GET"]}}],"collection":[{"href":"https:\/\/www.casa-colonia.de\/es\/wp-json\/wp\/v2\/pages"}],"about":[{"href":"https:\/\/www.casa-colonia.de\/es\/wp-json\/wp\/v2\/types\/page"}],"author":[{"embeddable":true,"href":"https:\/\/www.casa-colonia.de\/es\/wp-json\/wp\/v2\/users\/5"}],"replies":[{"embeddable":true,"href":"https:\/\/www.casa-colonia.de\/es\/wp-json\/wp\/v2\/comments?post=6256"}],"version-history":[{"count":13,"href":"https:\/\/www.casa-colonia.de\/es\/wp-json\/wp\/v2\/pages\/6256\/revisions"}],"predecessor-version":[{"id":23526,"href":"https:\/\/www.casa-colonia.de\/es\/wp-json\/wp\/v2\/pages\/6256\/revisions\/23526"}],"wp:featuredmedia":[{"embeddable":true,"href":"https:\/\/www.casa-colonia.de\/es\/wp-json\/wp\/v2\/media\/3427"}],"wp:attachment":[{"href":"https:\/\/www.casa-colonia.de\/es\/wp-json\/wp\/v2\/media?parent=6256"}],"curies":[{"name":"wp","href":"https:\/\/api.w.org\/{rel}","templated":true}]}}