{"id":6213,"date":"2022-11-14T08:00:52","date_gmt":"2022-11-14T08:00:52","guid":{"rendered":"https:\/\/casa-colonia.de\/benadering\/"},"modified":"2022-11-14T08:00:52","modified_gmt":"2022-11-14T08:00:52","slug":"benadering","status":"publish","type":"page","link":"https:\/\/www.casa-colonia.de\/nl\/benadering\/","title":{"rendered":"Benadering"},"content":{"rendered":"<div class=\"wpb-content-wrapper\"><p>[vc_row css=&#8221;.vc_custom_1667387393509{margin-bottom: 50px !important;}&#8221;][vc_column width=&#8221;1\/2&#8243;][vc_column_text]<\/p>\n<h2 style=\"font-family: 'Montserrat'; font-weight: 500; line-height: 42px;\">Station Hotel<\/h2>\n<ul style=\"list-style: none; padding-left: 0; color: #313131; font-size: 14px; line-height: 24px; font-family: 'Montserrat';\">\n<li style=\"margin-bottom: 20px;\">Verlaat het hoofdstation in de richting van Bahnhofsvorplatz\/Breslauerplatz. U kunt het beste de uitgang tussen de apotheek en het McDonald&#8217;s filiaal gebruiken.<\/li>\n<li style=\"margin-bottom: 20px;\">Daar gaat u rechtdoor en bij de rotonde gaat u rechtdoor de Johannisstra\u00dfe in.<\/li>\n<li style=\"margin-bottom: 20px;\">Volg deze tot u aan het eind de Machab\u00e4erstrasse oversteekt. Het hotel ligt direct aan de kruising van de Machab\u00e4erstra\u00dfe\/Johannisstra\u00dfe.<\/li>\n<\/ul>\n<p>[\/vc_column_text][\/vc_column][vc_column width=&#8221;1\/2&#8243;][vc_gmaps link=&#8221;#E-8_JTNDaWZyYW1lJTIwc3JjJTNEJTIyaHR0cHMlM0ElMkYlMkZ3d3cuZ29vZ2xlLmNvbSUyRm1hcHMlMkZlbWJlZCUzRnBiJTNEJTIxMW0xOCUyMTFtMTIlMjExbTMlMjExZDI1MTMuNzkyOTM3NDQ1MTEzMiUyMTJkNi45NTk0MDIyMTU5Mzk1NDYlMjEzZDUwLjk0NjA0MjI3OTU0Njg1JTIxMm0zJTIxMWYwJTIxMmYwJTIxM2YwJTIxM20yJTIxMWkxMDI0JTIxMmk3NjglMjE0ZjEzLjElMjEzbTMlMjExbTIlMjExczB4NDdiZjI1YmI3ZDdkZmM0OSUyNTNBMHg1YjAzNGFhNTczOTZmMDQ4JTIxMnNIb3RlbCUyNTIwQ2FzYSUyNTIwQ29sb25pYSUyMTVlMCUyMTNtMiUyMTFzZGUlMjEyc2x2JTIxNHYxNjI0MjYzNzQ0NjI2JTIxNW0yJTIxMXNkZSUyMTJzbHYlMjIlMjB3aWR0aCUzRCUyMjYwMCUyMiUyMGhlaWdodCUzRCUyMjQ1MCUyMiUyMHN0eWxlJTNEJTIyYm9yZGVyJTNBMCUzQiUyMiUyMGFsbG93ZnVsbHNjcmVlbiUzRCUyMiUyMiUyMGxvYWRpbmclM0QlMjJsYXp5JTIyJTNFJTNDJTJGaWZyYW1lJTNF&#8221;][\/vc_column][\/vc_row][vc_row][vc_column width=&#8221;1\/2&#8243;][vc_column_text]<\/p>\n<h2 style=\"font-family: 'Montserrat'; font-weight: 500; line-height: 42px;\">Via de A3<\/h2>\n<ul style=\"list-style: none; padding-left: 0; color: #313131; font-size: 14px; line-height: 24px; font-family: 'Montserrat';\">\n<li style=\"margin-bottom: 20px;\">Verlaat de A3 bij het knooppunt K\u00f6ln Ost in de richting Zentrum (stadscentrum) en neem de B55a.<\/li>\n<li style=\"margin-bottom: 20px;\">Blijf op de B55a tot u de Zoobr\u00fccke-brug bent overgestoken. Aan het einde van de brug verlaat u de B55a in de richting van het stadscentrum en neemt u de Niederl\u00e4nder Ufer (B51).<\/li>\n<li style=\"margin-bottom: 20px;\">Volg de weg langs de Rijn gedurende ca. 1,8 km en sla rechtsaf de Goldgasse in.<\/li>\n<li style=\"margin-bottom: 20px;\">Ga door tot aan de rotonde. Verlaat de rotonde bij de 1e afslag naar de Johannisstra\u00dfe.<\/li>\n<li style=\"margin-bottom: 20px;\">Rijd rechtdoor, langs het Marriott Hotel. Aan het einde van de Johannisstra\u00dfe komt u direct bij de Machab\u00e4erstra\u00dfe en Casa Colonia.<\/li>\n<\/ul>\n<p>[\/vc_column_text][\/vc_column][vc_column width=&#8221;1\/2&#8243;][vc_column_text]<\/p>\n<h2 style=\"font-family: 'Montserrat'; font-weight: 500; line-height: 42px;\">Via de A57<\/h2>\n<ul style=\"list-style: none; padding-left: 0; color: #313131; font-size: 14px; line-height: 24px; font-family: 'Montserrat';\">\n<li style=\"margin-bottom: 20px;\">Verlaat de A57 bij afslag (30) Ehrenfeld in de richting van Zentrum.<\/li>\n<li style=\"margin-bottom: 20px;\">Volg de Innere Kanalstra\u00dfe gedurende 200 meter en maak dan een U-bocht bij de Telekomturm.<br \/>\nSla rechtsaf de Subbelratherstra\u00dfe in, richting Zentrum.<\/li>\n<li style=\"margin-bottom: 20px;\">Passeer de spoorwegonderdoorgang en volg de weg langs het Mediapark (links) gedurende ca. 1,5 km.<\/li>\n<li style=\"margin-bottom: 20px;\">Ga onder een ander spoorwegviaduct door en DAN onmiddellijk rechtsaf de Machab\u00e4erstra\u00dfe in.<\/li>\n<li style=\"margin-bottom: 20px;\">Na ongeveer 200m (Machab\u00e4erstra\u00dfe hoek Johannisstra\u00dfe) heeft u Casa Colonia bereikt.<\/li>\n<\/ul>\n<p>[\/vc_column_text][\/vc_column][\/vc_row][vc_row css=&#8221;.vc_custom_1666960796095{padding-top: 5% !important;padding-right: 10% !important;padding-left: 10% !important;}&#8221;][vc_column][vc_column_text]<\/p>\n<p style=\"text-align: center;\">Als u onderweg een probleem hebt, kunt u ons natuurlijk altijd de weg vragen. E\u00e9n telefoontje is genoeg: <a href=\"tel:+49221160600\"><strong>0221 160600<\/strong><\/a><\/p>\n<p>[\/vc_column_text][\/vc_column][\/vc_row][vc_row][vc_column][vc_custom_heading text=&#8221;Wij wensen u een prettige reis!&#8221; font_container=&#8221;tag:h2|font_size:26px|text_align:center|color:%230a0a0a&#8221; google_fonts=&#8221;font_family:Lora%3Aregular%2Citalic%2C700%2C700italic|font_style:400%20regular%3A400%3Anormal&#8221; css=&#8221;.vc_custom_1667376885771{padding-top: 50px !important;}&#8221;][\/vc_column][\/vc_row]<\/p>\n<\/div>","protected":false},"excerpt":{"rendered":"<p>[vc_row css=&#8221;.vc_custom_1667387393509{margin-bottom: 50px !important;}&#8221;][vc_column width=&#8221;1\/2&#8243;][vc_column_text] Station Hotel Verlaat het hoofdstation in de richting van Bahnhofsvorplatz\/Breslauerplatz. U kunt het beste de uitgang tussen de apotheek en het McDonald&#8217;s filiaal gebruiken. Daar gaat u rechtdoor en bij de rotonde gaat u rechtdoor de Johannisstra\u00dfe in. Volg deze tot u aan het eind de Machab\u00e4erstrasse oversteekt. Het hotel [&hellip;]<\/p>\n","protected":false},"author":5,"featured_media":5344,"parent":0,"menu_order":0,"comment_status":"closed","ping_status":"closed","template":"","meta":{"footnotes":""},"class_list":["post-6213","page","type-page","status-publish","has-post-thumbnail","hentry"],"aioseo_notices":[],"amp_enabled":true,"_links":{"self":[{"href":"https:\/\/www.casa-colonia.de\/nl\/wp-json\/wp\/v2\/pages\/6213","targetHints":{"allow":["GET"]}}],"collection":[{"href":"https:\/\/www.casa-colonia.de\/nl\/wp-json\/wp\/v2\/pages"}],"about":[{"href":"https:\/\/www.casa-colonia.de\/nl\/wp-json\/wp\/v2\/types\/page"}],"author":[{"embeddable":true,"href":"https:\/\/www.casa-colonia.de\/nl\/wp-json\/wp\/v2\/users\/5"}],"replies":[{"embeddable":true,"href":"https:\/\/www.casa-colonia.de\/nl\/wp-json\/wp\/v2\/comments?post=6213"}],"version-history":[{"count":2,"href":"https:\/\/www.casa-colonia.de\/nl\/wp-json\/wp\/v2\/pages\/6213\/revisions"}],"predecessor-version":[{"id":6215,"href":"https:\/\/www.casa-colonia.de\/nl\/wp-json\/wp\/v2\/pages\/6213\/revisions\/6215"}],"wp:featuredmedia":[{"embeddable":true,"href":"https:\/\/www.casa-colonia.de\/nl\/wp-json\/wp\/v2\/media\/5344"}],"wp:attachment":[{"href":"https:\/\/www.casa-colonia.de\/nl\/wp-json\/wp\/v2\/media?parent=6213"}],"curies":[{"name":"wp","href":"https:\/\/api.w.org\/{rel}","templated":true}]}}