{"id":4176,"date":"2022-10-14T13:23:52","date_gmt":"2022-10-14T13:23:52","guid":{"rendered":"https:\/\/casa-colonia.de\/imprint\/"},"modified":"2022-10-20T10:20:40","modified_gmt":"2022-10-20T10:20:40","slug":"imprint","status":"publish","type":"page","link":"https:\/\/www.casa-colonia.de\/pl\/imprint\/","title":{"rendered":"Imprint"},"content":{"rendered":"<div class=\"wpb-content-wrapper\"><p>[vc_row][vc_column][vc_column_text]Hotel Casa Colonia e.K.<\/p>\n<p>Machab\u00e4erstr. 63<\/p>\n<p>50668 K\u00f6ln<\/p>\n<p>Tel.: +49. 221.160 60 0<br \/>\nFax: +49. 221.160 60 18<br \/>\n<a href=\"&#x6d;&#97;i&#x6c;&#116;o&#x3a;&#109;a&#x69;&#108;&#64;&#x63;&#97;s&#x61;&#45;c&#x6f;&#108;o&#x6e;&#105;a&#x2e;&#100;e\">mail at casa-colonia.de<\/a><br \/>\n<a href=\"https:\/\/www.casa-colonia.de\/\" target=\"_blank\" rel=\"noopener\">www.casa-colonia.de<\/a><\/p>\n<p>&nbsp;<\/p>\n<h3>W\u0142a\u015bciciel hotelu<\/h3>\n<p>&nbsp;<\/p>\n<p>Judith Thies-Pfleiderer<\/p>\n<p>DE289502451<\/p>\n<p>HRA 31107<\/p>\n<p>&nbsp;<\/p>\n<h3>Odpowiedzialny za koncepcj\u0119, projektowanie i programowanie stron internetowych:<\/h3>\n<p>&nbsp;<\/p>\n<p>Newroom Media GmbH<\/p>\n<p>&nbsp;<\/p>\n<h3>Nota prawna:<\/h3>\n<p>&nbsp;<\/p>\n<p>Casa Colonia e.K. stale aktualizuje i sprawdza informacje zawarte na swoich stronach internetowych. Mimo zachowania nale\u017cytej staranno\u015bci, dane mog\u0142y si\u0119 w mi\u0119dzyczasie zmieni\u0107. Dlatego nie mo\u017cna przyj\u0105\u0107 \u017cadnej odpowiedzialno\u015bci ani gwarancji za prawid\u0142owo\u015b\u0107, aktualno\u015b\u0107 i kompletno\u015b\u0107 udost\u0119pnionych informacji. To samo dotyczy wszystkich innych stron internetowych, do kt\u00f3rych odsy\u0142aj\u0105 hiper\u0142\u0105cza. Nie odpowiadamy za tre\u015b\u0107 stron internetowych, do kt\u00f3rych dociera si\u0119 za pomoc\u0105 takiego po\u0142\u0105czenia. Je\u015bli poprzez hiper\u0142\u0105cze trafisz na nielegaln\u0105 stron\u0119, poinformuj nas o tym: <a href=\"&#109;&#x61;&#x69;l&#116;&#x6f;:&#109;&#x61;&#x69;&#108;&#x40;&#x63;a&#115;&#x61;-&#99;&#x6f;&#x6c;&#111;&#x6e;&#x69;a&#46;&#x64;e\">&#x6d;&#97;&#105;&#x6c;&#x40;&#99;&#97;&#x73;&#x61;&#45;&#99;&#x6f;&#x6c;&#111;&#110;&#x69;&#x61;&#46;&#100;&#x65;.<\/a> Usuniemy link niezw\u0142ocznie po uzyskaniu informacji o nim.<\/p>\n<p>Tre\u015b\u0107 i wygl\u0105d stron internetowych s\u0105 chronione prawem autorskim. Reprodukcja stron lub ich zawarto\u015bci wymaga uprzedniej pisemnej zgody Hotelu Casa Colonia, chyba \u017ce reprodukcja jest ju\u017c dozwolona przez prawo.[\/vc_column_text][\/vc_column][\/vc_row]<\/p>\n<\/div>","protected":false},"excerpt":{"rendered":"<p>[vc_row][vc_column][vc_column_text]Hotel Casa Colonia e.K. Machab\u00e4erstr. 63 50668 K\u00f6ln Tel.: +49. 221.160 60 0 Fax: +49. 221.160 60 18 mail at casa-colonia.de www.casa-colonia.de &nbsp; W\u0142a\u015bciciel hotelu &nbsp; Judith Thies-Pfleiderer DE289502451 HRA 31107 &nbsp; Odpowiedzialny za koncepcj\u0119, projektowanie i programowanie stron internetowych: &nbsp; Newroom Media GmbH &nbsp; Nota prawna: &nbsp; Casa Colonia e.K. stale aktualizuje i sprawdza [&hellip;]<\/p>\n","protected":false},"author":2,"featured_media":0,"parent":0,"menu_order":0,"comment_status":"closed","ping_status":"closed","template":"","meta":{"footnotes":""},"class_list":["post-4176","page","type-page","status-publish","hentry"],"aioseo_notices":[],"amp_enabled":true,"_links":{"self":[{"href":"https:\/\/www.casa-colonia.de\/pl\/wp-json\/wp\/v2\/pages\/4176","targetHints":{"allow":["GET"]}}],"collection":[{"href":"https:\/\/www.casa-colonia.de\/pl\/wp-json\/wp\/v2\/pages"}],"about":[{"href":"https:\/\/www.casa-colonia.de\/pl\/wp-json\/wp\/v2\/types\/page"}],"author":[{"embeddable":true,"href":"https:\/\/www.casa-colonia.de\/pl\/wp-json\/wp\/v2\/users\/2"}],"replies":[{"embeddable":true,"href":"https:\/\/www.casa-colonia.de\/pl\/wp-json\/wp\/v2\/comments?post=4176"}],"version-history":[{"count":8,"href":"https:\/\/www.casa-colonia.de\/pl\/wp-json\/wp\/v2\/pages\/4176\/revisions"}],"predecessor-version":[{"id":4736,"href":"https:\/\/www.casa-colonia.de\/pl\/wp-json\/wp\/v2\/pages\/4176\/revisions\/4736"}],"wp:attachment":[{"href":"https:\/\/www.casa-colonia.de\/pl\/wp-json\/wp\/v2\/media?parent=4176"}],"curies":[{"name":"wp","href":"https:\/\/api.w.org\/{rel}","templated":true}]}}