{"id":6222,"date":"2022-11-14T08:08:19","date_gmt":"2022-11-14T08:08:19","guid":{"rendered":"https:\/\/casa-colonia.de\/podejscie\/"},"modified":"2022-11-14T08:08:20","modified_gmt":"2022-11-14T08:08:20","slug":"podejscie","status":"publish","type":"page","link":"https:\/\/www.casa-colonia.de\/pl\/podejscie\/","title":{"rendered":"Podej\u015bcie"},"content":{"rendered":"<div class=\"wpb-content-wrapper\"><p>[vc_row css=&#8221;.vc_custom_1667387393509{margin-bottom: 50px !important;}&#8221;][vc_column width=&#8221;1\/2&#8243;][vc_column_text]<\/p>\n<h2 style=\"font-family: 'Montserrat'; font-weight: 500; line-height: 42px;\">Hotel Dworcowy<\/h2>\n<ul style=\"list-style: none; padding-left: 0; color: #313131; font-size: 14px; line-height: 24px; font-family: 'Montserrat';\">\n<li style=\"margin-bottom: 20px;\">Wyjd\u017a z dworca g\u0142\u00f3wnego w kierunku Bahnhofsvorplatz\/Breslauerplatz. Najlepiej skorzysta\u0107 z wyj\u015bcia pomi\u0119dzy aptek\u0105 a fili\u0105 McDonald&#8217;s.<\/li>\n<li style=\"margin-bottom: 20px;\">Tam nale\u017cy jecha\u0107 prosto i na rondzie kontynuowa\u0107 jazd\u0119 prosto w Johannisstra\u00dfe.<\/li>\n<li style=\"margin-bottom: 20px;\">Pod\u0105\u017caj ni\u0105 a\u017c do skrzy\u017cowania z Machab\u00e4erstrasse na ko\u0144cu. Hotel po\u0142o\u017cony jest bezpo\u015brednio przy skrzy\u017cowaniu ulic Machab\u00e4erstra\u00dfe\/Johannisstra\u00dfe.<\/li>\n<\/ul>\n<p>[\/vc_column_text][\/vc_column][vc_column width=&#8221;1\/2&#8243;][vc_gmaps link=&#8221;#E-8_JTNDaWZyYW1lJTIwc3JjJTNEJTIyaHR0cHMlM0ElMkYlMkZ3d3cuZ29vZ2xlLmNvbSUyRm1hcHMlMkZlbWJlZCUzRnBiJTNEJTIxMW0xOCUyMTFtMTIlMjExbTMlMjExZDI1MTMuNzkyOTM3NDQ1MTEzMiUyMTJkNi45NTk0MDIyMTU5Mzk1NDYlMjEzZDUwLjk0NjA0MjI3OTU0Njg1JTIxMm0zJTIxMWYwJTIxMmYwJTIxM2YwJTIxM20yJTIxMWkxMDI0JTIxMmk3NjglMjE0ZjEzLjElMjEzbTMlMjExbTIlMjExczB4NDdiZjI1YmI3ZDdkZmM0OSUyNTNBMHg1YjAzNGFhNTczOTZmMDQ4JTIxMnNIb3RlbCUyNTIwQ2FzYSUyNTIwQ29sb25pYSUyMTVlMCUyMTNtMiUyMTFzZGUlMjEyc2x2JTIxNHYxNjI0MjYzNzQ0NjI2JTIxNW0yJTIxMXNkZSUyMTJzbHYlMjIlMjB3aWR0aCUzRCUyMjYwMCUyMiUyMGhlaWdodCUzRCUyMjQ1MCUyMiUyMHN0eWxlJTNEJTIyYm9yZGVyJTNBMCUzQiUyMiUyMGFsbG93ZnVsbHNjcmVlbiUzRCUyMiUyMiUyMGxvYWRpbmclM0QlMjJsYXp5JTIyJTNFJTNDJTJGaWZyYW1lJTNF&#8221;][\/vc_column][\/vc_row][vc_row][vc_column width=&#8221;1\/2&#8243;][vc_column_text]<\/p>\n<h2 style=\"font-family: 'Montserrat'; font-weight: 500; line-height: 42px;\">Przez A3<\/h2>\n<ul style=\"list-style: none; padding-left: 0; color: #313131; font-size: 14px; line-height: 24px; font-family: 'Montserrat';\">\n<li style=\"margin-bottom: 20px;\">Zjecha\u0107 z autostrady A3 na w\u0119\u017ale K\u00f6ln Ost w kierunku Zentrum (centrum miasta) i zjecha\u0107 na drog\u0119 B55a.<\/li>\n<li style=\"margin-bottom: 20px;\">Trzymaj si\u0119 drogi B55a, a\u017c przejedziesz przez most Zoobr\u00fccke. Na ko\u0144cu mostu nale\u017cy zjecha\u0107 z drogi B55a w kierunku centrum miasta i skr\u0119ci\u0107 w Niederl\u00e4nder Ufer (B51).<\/li>\n<li style=\"margin-bottom: 20px;\">Pod\u0105\u017caj drog\u0105 wzd\u0142u\u017c Renu przez ok. 1,8 km i skr\u0119\u0107 w prawo w Goldgasse.<\/li>\n<li style=\"margin-bottom: 20px;\">Kontynuuj, a\u017c dojdziesz do ronda. Zjecha\u0107 z ronda pierwszym zjazdem w Johannisstra\u00dfe.<\/li>\n<li style=\"margin-bottom: 20px;\">Jed\u017a prosto, mijaj\u0105c hotel Marriott. Na ko\u0144cu Johannisstra\u00dfe dojd\u0105 Pa\u0144stwo bezpo\u015brednio do Machab\u00e4erstra\u00dfe i Casa Colonia.<\/li>\n<\/ul>\n<p>[\/vc_column_text][\/vc_column][vc_column width=&#8221;1\/2&#8243;][vc_column_text]<\/p>\n<h2 style=\"font-family: 'Montserrat'; font-weight: 500; line-height: 42px;\">Przez A57<\/h2>\n<ul style=\"list-style: none; padding-left: 0; color: #313131; font-size: 14px; line-height: 24px; font-family: 'Montserrat';\">\n<li style=\"margin-bottom: 20px;\">Zjecha\u0107 z A57 na skrzy\u017cowaniu (30) Ehrenfeld w kierunku Zentrum.<\/li>\n<li style=\"margin-bottom: 20px;\">Pod\u0105\u017caj Innere Kanalstra\u00dfe przez 200m- nast\u0119pnie skr\u0119\u0107 w U przy Telekomturm.<br \/>\nSkr\u0119\u0107 w prawo w Subbelratherstra\u00dfe w kierunku Zentrum.<\/li>\n<li style=\"margin-bottom: 20px;\">Min\u0105\u0107 metro kolejowe i pod\u0105\u017ca\u0107 drog\u0105 wzd\u0142u\u017c Mediaparku (w lewo) przez ok. 1,5 km.<\/li>\n<li style=\"margin-bottom: 20px;\">Przejed\u017a pod kolejnym wiaduktem kolejowym, a nast\u0119pnie natychmiast skr\u0119\u0107 w prawo w Machab\u00e4erstra\u00dfe.<\/li>\n<li style=\"margin-bottom: 20px;\">Po ok. 200 m (Machab\u00e4erstra\u00dfe r\u00f3g Johannisstra\u00dfe) dotarli Pa\u0144stwo do Casa Colonia.<\/li>\n<\/ul>\n<p>[\/vc_column_text][\/vc_column][\/vc_row][vc_row css=&#8221;.vc_custom_1666960796095{padding-top: 5% !important;padding-right: 10% !important;padding-left: 10% !important;}&#8221;][vc_column][vc_column_text]<\/p>\n<p style=\"text-align: center;\">Je\u015bli masz problem po drodze, mo\u017cesz oczywi\u015bcie w ka\u017cdej chwili zapyta\u0107 nas o drog\u0119. Wystarczy jeden telefon: <a href=\"tel:+49221160600\"><strong>0221 160600<\/strong><\/a><\/p>\n<p>[\/vc_column_text][\/vc_column][\/vc_row][vc_row][vc_column][vc_custom_heading text=&#8221;\u017byczymy przyjemnej podr\u00f3\u017cy!&#8221; font_container=&#8221;tag:h2|font_size:26px|text_align:center|color:%230a0a0a&#8221; google_fonts=&#8221;font_family:Lora%3Aregular%2Citalic%2C700%2C700italic|font_style:400%20regular%3A400%3Anormal&#8221; css=&#8221;.vc_custom_1667376885771{padding-top: 50px !important;}&#8221;][\/vc_column][\/vc_row]<\/p>\n<\/div>","protected":false},"excerpt":{"rendered":"<p>[vc_row css=&#8221;.vc_custom_1667387393509{margin-bottom: 50px !important;}&#8221;][vc_column width=&#8221;1\/2&#8243;][vc_column_text] Hotel Dworcowy Wyjd\u017a z dworca g\u0142\u00f3wnego w kierunku Bahnhofsvorplatz\/Breslauerplatz. Najlepiej skorzysta\u0107 z wyj\u015bcia pomi\u0119dzy aptek\u0105 a fili\u0105 McDonald&#8217;s. Tam nale\u017cy jecha\u0107 prosto i na rondzie kontynuowa\u0107 jazd\u0119 prosto w Johannisstra\u00dfe. Pod\u0105\u017caj ni\u0105 a\u017c do skrzy\u017cowania z Machab\u00e4erstrasse na ko\u0144cu. Hotel po\u0142o\u017cony jest bezpo\u015brednio przy skrzy\u017cowaniu ulic Machab\u00e4erstra\u00dfe\/Johannisstra\u00dfe. [\/vc_column_text][\/vc_column][vc_column width=&#8221;1\/2&#8243;][vc_gmaps link=&#8221;#E-8_JTNDaWZyYW1lJTIwc3JjJTNEJTIyaHR0cHMlM0ElMkYlMkZ3d3cuZ29vZ2xlLmNvbSUyRm1hcHMlMkZlbWJlZCUzRnBiJTNEJTIxMW0xOCUyMTFtMTIlMjExbTMlMjExZDI1MTMuNzkyOTM3NDQ1MTEzMiUyMTJkNi45NTk0MDIyMTU5Mzk1NDYlMjEzZDUwLjk0NjA0MjI3OTU0Njg1JTIxMm0zJTIxMWYwJTIxMmYwJTIxM2YwJTIxM20yJTIxMWkxMDI0JTIxMmk3NjglMjE0ZjEzLjElMjEzbTMlMjExbTIlMjExczB4NDdiZjI1YmI3ZDdkZmM0OSUyNTNBMHg1YjAzNGFhNTczOTZmMDQ4JTIxMnNIb3RlbCUyNTIwQ2FzYSUyNTIwQ29sb25pYSUyMTVlMCUyMTNtMiUyMTFzZGUlMjEyc2x2JTIxNHYxNjI0MjYzNzQ0NjI2JTIxNW0yJTIxMXNkZSUyMTJzbHYlMjIlMjB3aWR0aCUzRCUyMjYwMCUyMiUyMGhlaWdodCUzRCUyMjQ1MCUyMiUyMHN0eWxlJTNEJTIyYm9yZGVyJTNBMCUzQiUyMiUyMGFsbG93ZnVsbHNjcmVlbiUzRCUyMiUyMiUyMGxvYWRpbmclM0QlMjJsYXp5JTIyJTNFJTNDJTJGaWZyYW1lJTNF&#8221;][\/vc_column][\/vc_row][vc_row][vc_column [&hellip;]<\/p>\n","protected":false},"author":5,"featured_media":3945,"parent":0,"menu_order":0,"comment_status":"closed","ping_status":"closed","template":"","meta":{"footnotes":""},"class_list":["post-6222","page","type-page","status-publish","has-post-thumbnail","hentry"],"aioseo_notices":[],"amp_enabled":true,"_links":{"self":[{"href":"https:\/\/www.casa-colonia.de\/pl\/wp-json\/wp\/v2\/pages\/6222","targetHints":{"allow":["GET"]}}],"collection":[{"href":"https:\/\/www.casa-colonia.de\/pl\/wp-json\/wp\/v2\/pages"}],"about":[{"href":"https:\/\/www.casa-colonia.de\/pl\/wp-json\/wp\/v2\/types\/page"}],"author":[{"embeddable":true,"href":"https:\/\/www.casa-colonia.de\/pl\/wp-json\/wp\/v2\/users\/5"}],"replies":[{"embeddable":true,"href":"https:\/\/www.casa-colonia.de\/pl\/wp-json\/wp\/v2\/comments?post=6222"}],"version-history":[{"count":2,"href":"https:\/\/www.casa-colonia.de\/pl\/wp-json\/wp\/v2\/pages\/6222\/revisions"}],"predecessor-version":[{"id":6224,"href":"https:\/\/www.casa-colonia.de\/pl\/wp-json\/wp\/v2\/pages\/6222\/revisions\/6224"}],"wp:featuredmedia":[{"embeddable":true,"href":"https:\/\/www.casa-colonia.de\/pl\/wp-json\/wp\/v2\/media\/3945"}],"wp:attachment":[{"href":"https:\/\/www.casa-colonia.de\/pl\/wp-json\/wp\/v2\/media?parent=6222"}],"curies":[{"name":"wp","href":"https:\/\/api.w.org\/{rel}","templated":true}]}}