{"id":6260,"date":"2022-11-14T11:10:15","date_gmt":"2022-11-14T11:10:15","guid":{"rendered":"https:\/\/casa-colonia.de\/terminy-i-uslugi\/"},"modified":"2026-01-05T10:58:50","modified_gmt":"2026-01-05T10:58:50","slug":"terminy-i-uslugi","status":"publish","type":"page","link":"https:\/\/www.casa-colonia.de\/pl\/terminy-i-uslugi\/","title":{"rendered":"Terminy i us\u0142ugi"},"content":{"rendered":"<div class=\"wpb-content-wrapper\"><p>[vc_section content_placement=&#8221;middle&#8221; css=&#8221;.vc_custom_1667400781206{background-image: url(https:\/\/casa-colonia.de\/wp-content\/uploads\/2022\/11\/handmadepaper.webp?id=5873) !important;background-position: 0 0 !important;background-repeat: repeat !important;}&#8221; el_class=&#8221;double-border-row-section&#8221;][vc_row css=&#8221;.vc_custom_1667484995302{margin-top: 5% !important;margin-right: 5% !important;margin-bottom: 5% !important;margin-left: 5% !important;border-top-width: 8px !important;border-right-width: 8px !important;border-bottom-width: 8px !important;border-left-width: 8px !important;padding-top: 0px !important;padding-right: 5% !important;padding-bottom: 50px !important;padding-left: 5% !important;background-position: 0 0 !important;background-repeat: repeat !important;border-left-color: #701414 !important;border-left-style: double !important;border-right-color: #701414 !important;border-right-style: double !important;border-top-color: #701414 !important;border-top-style: double !important;border-bottom-color: #701414 !important;border-bottom-style: double !important;}&#8221;][vc_column][vc_column_text el_class=&#8221;double-border-row-heading&#8221;]<\/p>\n<h2 style=\"text-align: center;\">Godziny otwarcia<\/h2>\n<p>[\/vc_column_text][vc_text_separator title=&#8221;Recepcja&#8221; color=&#8221;custom&#8221; border_width=&#8221;2&#8243; accent_color=&#8221;#701414&#8243; el_class=&#8221;text-mit-trennlinie&#8221;][vc_column_text]<\/p>\n<p style=\"color: #701414; font-size: 15px;\">Recepcja czynna jest codziennie w godzinach od <strong>08:00 do 15:00<\/strong> i s\u0142u\u017cy pomoc\u0105 przy zameldowaniu, wymeldowaniu oraz w innych sprawach. Nasza recepcja ch\u0119tnie udzieli Pa\u0144stwu pomocy w j\u0119zyku <strong>niemieckim i angielskim.<\/strong> Nasz hotel <strong>posiada wind\u0119 osobow\u0105,<\/strong> kt\u00f3ra komfortowo dowiezie Pa\u0144stwa do pokoju.<\/p>\n<p>[\/vc_column_text][vc_text_separator title=&#8221;Check In&#8221; color=&#8221;custom&#8221; border_width=&#8221;2&#8243; accent_color=&#8221;#701414&#8243; el_class=&#8221;text-mit-trennlinie&#8221;][vc_column_text]<\/p>\n<p class=\"p1\" style=\"color: #701414; font-size: 15px;\">Pa\u0144stwa pok\u00f3j b\u0119dzie dost\u0119pny <strong>od godziny 15:00<\/strong>. Zameldowanie odbywa si\u0119 wy\u0142\u0105cznie w formie cyfrowej, w spos\u00f3b elastyczny i niezale\u017cny od godzin pracy recepcji. W przypadku przyjazdu przed godzin\u0105 15:00 powitamy Pa\u0144stwa osobi\u015bcie i ch\u0119tnie odpowiemy na pytania oraz udzielimy wskaz\u00f3wek. Dost\u0119p do hotelu i pokoju mo\u017cna uzyska\u0107 w wygodny spos\u00f3b za pomoc\u0105 smartfona lub tabletu.   <\/p>\n<p>[\/vc_column_text][vc_text_separator title=&#8221;Check Out&#8221; color=&#8221;custom&#8221; border_width=&#8221;2&#8243; accent_color=&#8221;#701414&#8243; el_class=&#8221;text-mit-trennlinie&#8221;][vc_column_text]<\/p>\n<p style=\"color: #701414; font-size: 15px; text-align: left;\">Mo\u017cesz wymeldowa\u0107 si\u0119 i zap\u0142aci\u0107 rachunek <strong>elektronicznie<\/strong> w zaciszu swojego pokoju, tak jak zrobi\u0142by\u015b to <strong>osobi\u015bcie<\/strong> w recepcji. Ch\u0119tnie pomo\u017cemy i zamienimy kilka mi\u0142ych s\u0142\u00f3w. Zapraszamy do pozostawienia u nas <strong>baga\u017cu<\/strong> po wymeldowaniu. Prosimy jednak o zrozumienie, \u017ce nie mo\u017cemy bra\u0107 odpowiedzialno\u015bci za Pa\u0144stwa baga\u017c po wymeldowaniu i uprzejmie prosimy o nie deponowanie rzeczy warto\u015bciowych.<\/p>\n<p>&nbsp;<\/p>\n<p style=\"color: #701414; font-size: 15px; text-align: center;\"><strong>Do godziny 11:00<\/strong> &#8211; bezp\u0142atnie<br \/><strong>Do godziny 15:00<\/strong> &#8211; 50% ceny<br \/><strong>Po godzinie 15:00<\/strong> &#8211; 100% ceny[\/vc_column_text][vc_text_separator title=&#8221;\u015aniadanie&#8221; color=&#8221;custom&#8221; border_width=&#8221;2&#8243; accent_color=&#8221;#701414&#8243; el_class=&#8221;text-mit-trennlinie&#8221;][vc_column_text]<\/p>\n<p style=\"color: #701414; font-size: 15px;\">Zacznij dzie\u0144 wzmocniony naszym bogatym bufetem \u015bniadaniowym. Od godziny 7.00 mo\u017cna delektowa\u0107 si\u0119 smako\u0142ykami w naszej kawiarni.<\/p>\n<p style=\"color: #701414; font-size: 15px; text-align: center;\"><strong>Poniedzia\u0142ek \u2013 pi\u0105tek<\/strong>: 07:00 \u2013 10:00<\/p>\n<p style=\"color: #701414; font-size: 15px; text-align: center;\"><strong>Sobota \u2013 niedziela<\/strong>: 08:00 \u2013 11:00<\/p>\n<p style=\"color: #701414; font-size: 15px; padding-top: 10px; text-align: center;\"><strong>\u015aniadanie targowe:<\/strong> 07:00 &#8211; 11:00<\/p>\n<p>&nbsp;<\/p>\n<p style=\"color: #701414; font-size: 15px; padding-top: 10px; text-align: center;\"><strong>\u015aniadanie \u201ena wynos\u201d (doggy bag):<\/strong><br \/>Je\u015bli opuszczaj\u0105 Pa\u0144stwo hotel przed godz. 7:00, mog\u0105 zam\u00f3wi\u0107 \u015bniadanie \u201ena wynos\u201d.[\/vc_column_text][\/vc_column][\/vc_row][\/vc_section][vc_row equal_height=&#8221;yes&#8221; css=&#8221;.vc_custom_1667483227040{margin-top: 7% !important;margin-bottom: 7% !important;}&#8221;][vc_column width=&#8221;1\/3&#8243; css=&#8221;.vc_custom_1667483718750{margin-right: 10px !important;margin-left: 10px !important;}&#8221;][vc_text_separator title=&#8221;Zakaz palenia&#8221; color=&#8221;custom&#8221; border_width=&#8221;2&#8243; el_class=&#8221;text-mit-trennlinie&#8221; accent_color=&#8221;#701414&#8243;][vc_column_text]<\/p>\n<p style=\"font-size: 15px; color: #701414;\">Na ca\u0142ym terenie hotelu obowi\u0105zuje zakaz palenia. Zastrzegamy sobie prawo do na\u0142o\u017cenia kary w wysoko\u015bci 150,00 \u20ac w przypadku nieprzestrzegania przepis\u00f3w.<\/p>\n<p>[\/vc_column_text][vc_single_image image=&#8221;5904&#8243; img_size=&#8221;100&#215;100&#8243; alignment=&#8221;center&#8221;][\/vc_column][vc_column width=&#8221;1\/3&#8243; css=&#8221;.vc_custom_1667483733523{margin-right: 10px !important;margin-left: 10px !important;}&#8221;][vc_text_separator title=&#8221;Serwis&#8221; color=&#8221;custom&#8221; border_width=&#8221;2&#8243; el_class=&#8221;text-mit-trennlinie&#8221; accent_color=&#8221;#701414&#8243;][vc_column_text]<\/p>\n<p style=\"color: #701414; padding-bottom: 10px; font-size: 15px;\">Us\u0142uga wynajmu &#8211; wymagana jest wcze\u015bniejsza rezerwacja.<\/p>\n<ul style=\"margin: 0; padding: 0; padding-left: 15px; color: #701414; font-size: 15px;\">\n<li style=\"margin-bottom: 2px;\">Deska do prasowania<\/li>\n<li>\u017belazko<\/li>\n<li style=\"margin-bottom: 2px;\">\u0141\u00f3\u017ceczko dzieci\u0119ce<\/li>\n<\/ul>\n<p>[\/vc_column_text][\/vc_column][vc_column width=&#8221;1\/3&#8243; css=&#8221;.vc_custom_1667483744336{margin-right: 10px !important;margin-left: 10px !important;}&#8221;][vc_text_separator title=&#8221;Bezpiecze\u0144stwo&#8221; color=&#8221;custom&#8221; border_width=&#8221;2&#8243; el_class=&#8221;text-mit-trennlinie&#8221; accent_color=&#8221;#701414&#8243;][vc_column_text]<\/p>\n<ul>\n<li style=\"font-size: 15px; color: #701414; margin-bottom: 10px;\">Sejf hotelowy<\/li>\n<li style=\"font-size: 15px; color: #701414; margin-bottom: 10px;\">System alarmu przeciwpo\u017carowego i monitoring 24h przez firm\u0119 W.I.S<\/li>\n<li style=\"font-size: 15px; color: #701414; margin-bottom: 10px;\">Ca\u0142odobowe pogotowie d\u017awigowe firmy Liftechnik GmbH<\/li>\n<\/ul>\n<p>[\/vc_column_text][\/vc_column][\/vc_row][vc_row css=&#8221;.vc_custom_1667485075104{margin-top: 7% !important;margin-right: 2% !important;margin-bottom: 7% !important;margin-left: 2% !important;border-top-width: 8px !important;border-right-width: 8px !important;border-bottom-width: 8px !important;border-left-width: 8px !important;padding-top: 10px !important;padding-right: 2% !important;padding-bottom: 10px !important;padding-left: 2% !important;border-left-color: #701414 !important;border-left-style: double !important;border-right-color: #701414 !important;border-right-style: double !important;border-top-color: #701414 !important;border-top-style: double !important;border-bottom-color: #701414 !important;border-bottom-style: double !important;border-radius: 30px !important;}&#8221;][vc_column css=&#8221;.vc_custom_1666609180463{padding-right: 5% !important;padding-left: 5% !important;}&#8221;][vc_custom_heading text=&#8221;P\u0142atno\u015b\u0107&#8221; font_container=&#8221;tag:h2|font_size:36px|text_align:center|color:%23701414|line_height:42px&#8221; google_fonts=&#8221;font_family:Montserrat%3Aregular%2C700|font_style:400%20regular%3A400%3Anormal&#8221; css=&#8221;.vc_custom_1667483822283{margin-bottom: 15px !important;}&#8221;][vc_row_inner content_placement=&#8221;top&#8221; el_class=&#8221;zahlungsarten-section&#8221;][vc_column_inner width=&#8221;1\/6&#8243;][vc_single_image image=&#8221;3942&#8243; img_size=&#8221;128&#215;91&#8243; alignment=&#8221;center&#8221;][\/vc_column_inner][vc_column_inner width=&#8221;1\/6&#8243;][vc_single_image image=&#8221;3948&#8243; img_size=&#8221;128&#215;91&#8243; alignment=&#8221;center&#8221;][\/vc_column_inner][vc_column_inner width=&#8221;1\/6&#8243;][vc_single_image image=&#8221;3938&#8243; img_size=&#8221;128&#215;91&#8243; alignment=&#8221;center&#8221;][\/vc_column_inner][vc_column_inner width=&#8221;1\/6&#8243;][vc_single_image image=&#8221;4096&#8243; img_size=&#8221;128&#215;91&#8243; alignment=&#8221;center&#8221;][\/vc_column_inner][vc_column_inner width=&#8221;1\/6&#8243;][vc_single_image image=&#8221;3950&#8243; img_size=&#8221;128&#215;91&#8243; alignment=&#8221;center&#8221;][\/vc_column_inner][vc_column_inner width=&#8221;1\/6&#8243;][\/vc_column_inner][\/vc_row_inner][\/vc_column][\/vc_row]<\/p>\n<\/div>","protected":false},"excerpt":{"rendered":"<p>[vc_section content_placement=&#8221;middle&#8221; css=&#8221;.vc_custom_1667400781206{background-image: url(https:\/\/casa-colonia.de\/wp-content\/uploads\/2022\/11\/handmadepaper.webp?id=5873) !important;background-position: 0 0 !important;background-repeat: repeat !important;}&#8221; el_class=&#8221;double-border-row-section&#8221;][vc_row css=&#8221;.vc_custom_1667484995302{margin-top: 5% !important;margin-right: 5% !important;margin-bottom: 5% !important;margin-left: 5% !important;border-top-width: 8px !important;border-right-width: 8px !important;border-bottom-width: 8px !important;border-left-width: 8px !important;padding-top: 0px !important;padding-right: 5% !important;padding-bottom: 50px !important;padding-left: 5% !important;background-position: 0 0 !important;background-repeat: repeat !important;border-left-color: #701414 !important;border-left-style: double !important;border-right-color: #701414 !important;border-right-style: double !important;border-top-color: #701414 !important;border-top-style: double !important;border-bottom-color: #701414 !important;border-bottom-style: [&hellip;]<\/p>\n","protected":false},"author":5,"featured_media":3912,"parent":0,"menu_order":0,"comment_status":"closed","ping_status":"closed","template":"","meta":{"footnotes":""},"class_list":["post-6260","page","type-page","status-publish","has-post-thumbnail","hentry"],"aioseo_notices":[],"amp_enabled":true,"_links":{"self":[{"href":"https:\/\/www.casa-colonia.de\/pl\/wp-json\/wp\/v2\/pages\/6260","targetHints":{"allow":["GET"]}}],"collection":[{"href":"https:\/\/www.casa-colonia.de\/pl\/wp-json\/wp\/v2\/pages"}],"about":[{"href":"https:\/\/www.casa-colonia.de\/pl\/wp-json\/wp\/v2\/types\/page"}],"author":[{"embeddable":true,"href":"https:\/\/www.casa-colonia.de\/pl\/wp-json\/wp\/v2\/users\/5"}],"replies":[{"embeddable":true,"href":"https:\/\/www.casa-colonia.de\/pl\/wp-json\/wp\/v2\/comments?post=6260"}],"version-history":[{"count":21,"href":"https:\/\/www.casa-colonia.de\/pl\/wp-json\/wp\/v2\/pages\/6260\/revisions"}],"predecessor-version":[{"id":23549,"href":"https:\/\/www.casa-colonia.de\/pl\/wp-json\/wp\/v2\/pages\/6260\/revisions\/23549"}],"wp:featuredmedia":[{"embeddable":true,"href":"https:\/\/www.casa-colonia.de\/pl\/wp-json\/wp\/v2\/media\/3912"}],"wp:attachment":[{"href":"https:\/\/www.casa-colonia.de\/pl\/wp-json\/wp\/v2\/media?parent=6260"}],"curies":[{"name":"wp","href":"https:\/\/api.w.org\/{rel}","templated":true}]}}